{"id":167339,"date":"2024-11-04T15:44:24","date_gmt":"2024-11-04T15:44:24","guid":{"rendered":"https:\/\/tsmarts.com\/contacto\/"},"modified":"2026-03-09T09:44:46","modified_gmt":"2026-03-09T09:44:46","slug":"contacto","status":"publish","type":"page","link":"https:\/\/tsmarts.com\/es\/contacto\/","title":{"rendered":"CONTACTO"},"content":{"rendered":"<div class=\"wpb-content-wrapper\"><p>[vc_row unlock_row_content=\u00bbyes\u00bb row_height_percent=\u00bb0&#8243; override_padding=\u00bbyes\u00bb h_padding=\u00bb7&#8243; top_padding=\u00bb7&#8243; bottom_padding=\u00bb7&#8243; back_color=\u00bbcolor-nhtu\u00bb back_image=\u00bb166437&#8243; back_position=\u00bbcenter top\u00bb kburns=\u00bbyes\u00bb overlay_color=\u00bbcolor-nhtu\u00bb overlay_alpha=\u00bb75&#8243; overlay_color_blend=\u00bbmultiply\u00bb overlay_animated=\u00bbyes\u00bb overlay_animated_1_color=\u00bbcolor-rgdb\u00bb overlay_animated_2_color=\u00bbcolor-rgdb\u00bb overlay_animated_size=\u00bb0.7&#8243; gutter_size=\u00bb3&#8243; column_width_percent=\u00bb100&#8243; shift_y=\u00bb0&#8243; z_index=\u00bb0&#8243; bottom_divider=\u00bbgradient\u00bb desktop_visibility=\u00bbyes\u00bb medium_visibility=\u00bbyes\u00bb css_animation=\u00bbscroll-trigger\u00bb animation_state=\u00bbend\u00bb animation_scale_val=\u00bb100&#8243; animation_opacity=\u00bb0&#8243; animation_x=\u00bb0&#8243; animation_y=\u00bb0&#8243; animation_blur=\u00bb0&#8243; animation_rotate=\u00bb0&#8243; animation_perspective=\u00bb0&#8243; animation_offset_top=\u00bb0&#8243; animation_offset_bottom=\u00bb85&#8243; content_parallax=\u00bb3&#8243; uncode_shortcode_id=\u00bb185617&#8243; back_color_type=\u00bbuncode-palette\u00bb overlay_color_type=\u00bbuncode-palette\u00bb overlay_animated_1_color_type=\u00bbuncode-palette\u00bb overlay_animated_2_color_type=\u00bbuncode-palette\u00bb][vc_column column_width_percent=\u00bb100&#8243; position_vertical=\u00bbbottom\u00bb gutter_size=\u00bb4&#8243; style=\u00bbdark\u00bb overlay_alpha=\u00bb50&#8243; shift_x=\u00bb0&#8243; shift_y=\u00bb0&#8243; shift_y_down=\u00bb0&#8243; z_index=\u00bb0&#8243; medium_width=\u00bb0&#8243; mobile_width=\u00bb0&#8243; width=\u00bb1\/1&#8243; uncode_shortcode_id=\u00bb138994&#8243;][vc_empty_space empty_h=\u00bb5&#8243;][vc_row_inner limit_content=\u00bb\u00bb][vc_column_inner column_width_percent=\u00bb100&#8243; position_horizontal=\u00bbleft\u00bb gutter_size=\u00bb3&#8243; style=\u00bbdark\u00bb overlay_alpha=\u00bb50&#8243; shift_x=\u00bb0&#8243; shift_y=\u00bb0&#8243; shift_y_down=\u00bb0&#8243; z_index=\u00bb0&#8243; medium_width=\u00bb0&#8243; mobile_width=\u00bb0&#8243; width=\u00bb1\/1&#8243; uncode_shortcode_id=\u00bb311432&#8243;][vc_custom_heading text_weight=\u00bb700&#8243; text_space=\u00bbfontspace-111509&#8243; uncode_shortcode_id=\u00bb105074&#8243;]Ya sea para un proyecto futuro o para obtener informaci\u00f3n sobre la empresa[\/vc_custom_heading][\/vc_column_inner][\/vc_row_inner][vc_separator sep_color=\u00bb\u00bb full_width=\u00bbyes\u00bb uncode_shortcode_id=\u00bb184810&#8243;][vc_row_inner row_inner_height_percent=\u00bb0&#8243; overlay_alpha=\u00bb50&#8243; gutter_size=\u00bb5&#8243; shift_y=\u00bb0&#8243; z_index=\u00bb0&#8243; limit_content=\u00bb\u00bb uncode_shortcode_id=\u00bb157228&#8243;][vc_column_inner column_width_percent=\u00bb100&#8243; gutter_size=\u00bb3&#8243; overlay_alpha=\u00bb50&#8243; shift_x=\u00bb0&#8243; shift_y=\u00bb0&#8243; shift_y_down=\u00bb0&#8243; z_index=\u00bb0&#8243; medium_visibility=\u00bbyes\u00bb medium_width=\u00bb0&#8243; mobile_visibility=\u00bbyes\u00bb mobile_width=\u00bb0&#8243; width=\u00bb6\/12&#8243; uncode_shortcode_id=\u00bb358233&#8243;][\/vc_column_inner][vc_column_inner column_width_percent=\u00bb100&#8243; gutter_size=\u00bb3&#8243; style=\u00bbdark\u00bb overlay_alpha=\u00bb50&#8243; shift_x=\u00bb0&#8243; shift_y=\u00bb0&#8243; shift_y_down=\u00bb0&#8243; z_index=\u00bb0&#8243; medium_width=\u00bb0&#8243; mobile_width=\u00bb0&#8243; width=\u00bb4\/12&#8243; uncode_shortcode_id=\u00bb202754&#8243;][vc_custom_heading heading_semantic=\u00bbh3&#8243; text_size=\u00bbh3&#8243; text_weight=\u00bb300&#8243; text_height=\u00bbfontheight-163298&#8243; text_space=\u00bbfontspace-111509&#8243; uncode_shortcode_id=\u00bb114864&#8243;]P\u00f3ngase en contacto con nosotros y exploremos c\u00f3mo nuestra experiencia puede impulsar el progreso de sus objetivos.[\/vc_custom_heading][\/vc_column_inner][vc_column_inner column_width_percent=\u00bb100&#8243; gutter_size=\u00bb3&#8243; overlay_alpha=\u00bb50&#8243; shift_x=\u00bb0&#8243; shift_y=\u00bb0&#8243; shift_y_down=\u00bb0&#8243; z_index=\u00bb0&#8243; medium_visibility=\u00bbyes\u00bb medium_width=\u00bb0&#8243; mobile_visibility=\u00bbyes\u00bb mobile_width=\u00bb0&#8243; width=\u00bb2\/12&#8243; uncode_shortcode_id=\u00bb115539&#8243;][\/vc_column_inner][\/vc_row_inner][\/vc_column][\/vc_row][vc_row unlock_row_content=\u00bbyes\u00bb row_height_percent=\u00bb0&#8243; override_padding=\u00bbyes\u00bb h_padding=\u00bb7&#8243; top_padding=\u00bb7&#8243; bottom_padding=\u00bb7&#8243; back_color=\u00bbcolor-nhtu\u00bb back_image=\u00bb166437&#8243; back_position=\u00bbcenter top\u00bb kburns=\u00bbyes\u00bb overlay_color=\u00bbcolor-nhtu\u00bb overlay_alpha=\u00bb75&#8243; overlay_color_blend=\u00bbmultiply\u00bb overlay_animated=\u00bbyes\u00bb overlay_animated_1_color=\u00bbcolor-rgdb\u00bb overlay_animated_2_color=\u00bbcolor-rgdb\u00bb overlay_animated_size=\u00bb0.7&#8243; gutter_size=\u00bb3&#8243; column_width_percent=\u00bb100&#8243; shift_y=\u00bb0&#8243; z_index=\u00bb0&#8243; bottom_divider=\u00bbgradient\u00bb mobile_visibility=\u00bbyes\u00bb css_animation=\u00bbscroll-trigger\u00bb animation_state=\u00bbend\u00bb animation_scale_val=\u00bb100&#8243; animation_opacity=\u00bb0&#8243; animation_x=\u00bb0&#8243; animation_y=\u00bb0&#8243; animation_blur=\u00bb0&#8243; animation_rotate=\u00bb0&#8243; animation_perspective=\u00bb0&#8243; animation_offset_top=\u00bb0&#8243; animation_offset_bottom=\u00bb85&#8243; content_parallax=\u00bb3&#8243; uncode_shortcode_id=\u00bb208103&#8243; back_color_type=\u00bbuncode-palette\u00bb overlay_color_type=\u00bbuncode-palette\u00bb overlay_animated_1_color_type=\u00bbuncode-palette\u00bb overlay_animated_2_color_type=\u00bbuncode-palette\u00bb][vc_column column_width_percent=\u00bb100&#8243; position_vertical=\u00bbbottom\u00bb gutter_size=\u00bb4&#8243; style=\u00bbdark\u00bb overlay_alpha=\u00bb50&#8243; shift_x=\u00bb0&#8243; shift_y=\u00bb0&#8243; shift_y_down=\u00bb0&#8243; z_index=\u00bb0&#8243; medium_width=\u00bb0&#8243; mobile_width=\u00bb0&#8243; width=\u00bb1\/1&#8243; uncode_shortcode_id=\u00bb138994&#8243;][vc_row_inner limit_content=\u00bb\u00bb][vc_column_inner column_width_percent=\u00bb100&#8243; position_horizontal=\u00bbleft\u00bb gutter_size=\u00bb3&#8243; style=\u00bbdark\u00bb overlay_alpha=\u00bb50&#8243; shift_x=\u00bb0&#8243; shift_y=\u00bb0&#8243; shift_y_down=\u00bb0&#8243; z_index=\u00bb0&#8243; medium_width=\u00bb0&#8243; mobile_width=\u00bb0&#8243; width=\u00bb1\/1&#8243; uncode_shortcode_id=\u00bb311432&#8243;][vc_custom_heading text_size=\u00bbcustom\u00bb text_weight=\u00bb300&#8243; text_space=\u00bbfontspace-111509&#8243; uncode_shortcode_id=\u00bb464834&#8243; heading_custom_size=\u00bbclamp(35px,5vw,60px)\u00bb]Ya sea para un proyecto futuro o para obtener informaci\u00f3n sobre la empresa[\/vc_custom_heading][\/vc_column_inner][\/vc_row_inner][vc_separator sep_color=\u00bb\u00bb full_width=\u00bbyes\u00bb uncode_shortcode_id=\u00bb184810&#8243;][vc_row_inner row_inner_height_percent=\u00bb0&#8243; overlay_alpha=\u00bb50&#8243; gutter_size=\u00bb5&#8243; shift_y=\u00bb0&#8243; z_index=\u00bb0&#8243; limit_content=\u00bb\u00bb uncode_shortcode_id=\u00bb157228&#8243;][vc_column_inner column_width_percent=\u00bb100&#8243; gutter_size=\u00bb3&#8243; overlay_alpha=\u00bb50&#8243; shift_x=\u00bb0&#8243; shift_y=\u00bb0&#8243; shift_y_down=\u00bb0&#8243; z_index=\u00bb0&#8243; medium_visibility=\u00bbyes\u00bb medium_width=\u00bb0&#8243; mobile_visibility=\u00bbyes\u00bb mobile_width=\u00bb0&#8243; width=\u00bb6\/12&#8243; uncode_shortcode_id=\u00bb358233&#8243;][\/vc_column_inner][vc_column_inner column_width_percent=\u00bb100&#8243; gutter_size=\u00bb3&#8243; style=\u00bbdark\u00bb overlay_alpha=\u00bb50&#8243; shift_x=\u00bb0&#8243; shift_y=\u00bb0&#8243; shift_y_down=\u00bb0&#8243; z_index=\u00bb0&#8243; medium_width=\u00bb0&#8243; mobile_width=\u00bb0&#8243; width=\u00bb4\/12&#8243; uncode_shortcode_id=\u00bb202754&#8243;][vc_custom_heading heading_semantic=\u00bbh3&#8243; text_font=\u00bbfont-161747&#8243; text_size=\u00bbh3&#8243; text_weight=\u00bb300&#8243; text_height=\u00bbfontheight-357766&#8243; text_space=\u00bbfontspace-111509&#8243; uncode_shortcode_id=\u00bb175782&#8243;]P\u00f3ngase en contacto con nosotros y exploremos c\u00f3mo nuestra experiencia puede impulsar el progreso de sus objetivos.[\/vc_custom_heading][\/vc_column_inner][vc_column_inner column_width_percent=\u00bb100&#8243; gutter_size=\u00bb3&#8243; overlay_alpha=\u00bb50&#8243; shift_x=\u00bb0&#8243; shift_y=\u00bb0&#8243; shift_y_down=\u00bb0&#8243; z_index=\u00bb0&#8243; medium_visibility=\u00bbyes\u00bb medium_width=\u00bb0&#8243; mobile_visibility=\u00bbyes\u00bb mobile_width=\u00bb0&#8243; width=\u00bb2\/12&#8243; uncode_shortcode_id=\u00bb115539&#8243;][\/vc_column_inner][\/vc_row_inner][\/vc_column][\/vc_row][vc_row unlock_row_content=\u00bbyes\u00bb row_height_percent=\u00bb0&#8243; override_padding=\u00bbyes\u00bb h_padding=\u00bb3&#8243; top_padding=\u00bb3&#8243; bottom_padding=\u00bb1&#8243; overlay_alpha=\u00bb50&#8243; equal_height=\u00bbyes\u00bb gutter_size=\u00bb2&#8243; column_width_percent=\u00bb100&#8243; border_style=\u00bbsolid\u00bb shift_y=\u00bb0&#8243; z_index=\u00bb0&#8243; content_parallax=\u00bb0&#8243; uncode_shortcode_id=\u00bb575938&#8243; css=\u00bb.vc_custom_1769105836091{border-top-width: 1px !important;}\u00bb][vc_column column_width_percent=\u00bb100&#8243; gutter_size=\u00bb2&#8243; override_padding=\u00bbyes\u00bb column_padding=\u00bb3&#8243; back_color=\u00bbcolor-wayh\u00bb overlay_alpha=\u00bb50&#8243; radius=\u00bblg\u00bb shift_x=\u00bb0&#8243; shift_y=\u00bb0&#8243; shift_y_down=\u00bb0&#8243; z_index=\u00bb0&#8243; medium_width=\u00bb0&#8243; mobile_width=\u00bb0&#8243; css_animation=\u00bbalpha-anim\u00bb animation_speed=\u00bb1000&#8243; width=\u00bb1\/4&#8243; uncode_shortcode_id=\u00bb185421&#8243; back_color_type=\u00bbuncode-palette\u00bb][vc_custom_heading text_color=\u00bbcolor-jevc\u00bb heading_semantic=\u00bbh3&#8243; text_size=\u00bbh1&#8243; text_weight=\u00bb300&#8243; text_height=\u00bbfontheight-357766&#8243; text_space=\u00bbfontspace-111509&#8243; uncode_shortcode_id=\u00bb124423&#8243; text_color_type=\u00bbuncode-palette\u00bb]Contacto general[\/vc_custom_heading][vc_custom_heading text_color=\u00bbcolor-jevc\u00bb heading_semantic=\u00bbp\u00bb text_size=\u00bbh4&#8243; text_weight=\u00bb300&#8243; text_height=\u00bbfontheight-357766&#8243; text_space=\u00bbfontspace-111509&#8243; uncode_shortcode_id=\u00bb195878&#8243; text_color_type=\u00bbuncode-palette\u00bb]+351 252 850 900[\/vc_custom_heading][vc_custom_heading text_color=\u00bbcolor-xsdn\u00bb heading_semantic=\u00bbp\u00bb text_size=\u00bbh4&#8243; text_weight=\u00bb300&#8243; text_height=\u00bbfontheight-357766&#8243; text_space=\u00bbfontspace-111509&#8243; uncode_shortcode_id=\u00bb166929&#8243; text_color_type=\u00bbuncode-palette\u00bb]<span style=\"color: #ffffff;\"><a style=\"color: #ffffff;\" href=\"mailto:info@tsmarts.com\">info@tsmarts.com<\/a><\/span>[\/vc_custom_heading][vc_empty_space empty_h=\u00bb2&#8243;][vc_custom_heading text_color=\u00bbcolor-jevc\u00bb heading_semantic=\u00bbp\u00bb text_size=\u00bbh4&#8243; text_weight=\u00bb300&#8243; text_height=\u00bbfontheight-357766&#8243; text_space=\u00bbfontspace-111509&#8243; uncode_shortcode_id=\u00bb109513&#8243; text_color_type=\u00bbuncode-palette\u00bb]Formulario de contacto[\/vc_custom_heading][vc_button button_color=\u00bbcolor-nhtu\u00bb border_width=\u00bb0&#8243; link=\u00bburl:https%3A%2F%2F269608f63871.quillforms.app%2Fforms%2Ftsmarts_formulario-contacto-web-espanol\u00bb button_color_type=\u00bbuncode-palette\u00bb uncode_shortcode_id=\u00bb134929&#8243;]Cont\u00e1ctenos[\/vc_button][\/vc_column][vc_column column_width_percent=\u00bb100&#8243; gutter_size=\u00bb2&#8243; override_padding=\u00bbyes\u00bb column_padding=\u00bb3&#8243; back_color=\u00bbcolor-wayh\u00bb overlay_alpha=\u00bb50&#8243; radius=\u00bblg\u00bb shift_x=\u00bb0&#8243; shift_y=\u00bb0&#8243; shift_y_down=\u00bb0&#8243; z_index=\u00bb0&#8243; medium_width=\u00bb0&#8243; mobile_width=\u00bb0&#8243; css_animation=\u00bbalpha-anim\u00bb animation_speed=\u00bb1000&#8243; animation_delay=\u00bb100&#8243; width=\u00bb1\/4&#8243; uncode_shortcode_id=\u00bb884361&#8243; back_color_type=\u00bbuncode-palette\u00bb el_class=\u00bbmid-color\u00bb][vc_custom_heading text_color=\u00bbcolor-jevc\u00bb heading_semantic=\u00bbh3&#8243; text_size=\u00bbh1&#8243; text_weight=\u00bb300&#8243; text_height=\u00bbfontheight-357766&#8243; text_space=\u00bbfontspace-111509&#8243; uncode_shortcode_id=\u00bb201993&#8243; text_color_type=\u00bbuncode-palette\u00bb]Portugal[\/vc_custom_heading][vc_custom_heading heading_semantic=\u00bbp\u00bb text_size=\u00bbh4&#8243; text_weight=\u00bb300&#8243; text_height=\u00bbfontheight-357766&#8243; text_space=\u00bbfontspace-111509&#8243; uncode_shortcode_id=\u00bb117207&#8243;]<strong>Oficina central de T-SMARTS<\/strong><\/p>\n<p>Travessa da Nova Ind\u00fastria, N\u00b050<br \/>\nErmida, 4780-235 Santo Tirso<br \/>\nPorto<br \/>\n+351 252 850 900[\/vc_custom_heading][\/vc_column][vc_column column_width_percent=\u00bb100&#8243; gutter_size=\u00bb2&#8243; override_padding=\u00bbyes\u00bb column_padding=\u00bb3&#8243; back_color=\u00bbcolor-wayh\u00bb overlay_alpha=\u00bb50&#8243; radius=\u00bblg\u00bb shift_x=\u00bb0&#8243; shift_y=\u00bb0&#8243; shift_y_down=\u00bb0&#8243; z_index=\u00bb0&#8243; medium_width=\u00bb0&#8243; mobile_width=\u00bb0&#8243; css_animation=\u00bbalpha-anim\u00bb animation_speed=\u00bb1000&#8243; animation_delay=\u00bb200&#8243; width=\u00bb1\/4&#8243; uncode_shortcode_id=\u00bb996364&#8243; back_color_type=\u00bbuncode-palette\u00bb el_class=\u00bbmid-color\u00bb][vc_custom_heading text_color=\u00bbcolor-jevc\u00bb heading_semantic=\u00bbh3&#8243; text_size=\u00bbh1&#8243; text_weight=\u00bb300&#8243; text_height=\u00bbfontheight-357766&#8243; text_space=\u00bbfontspace-111509&#8243; uncode_shortcode_id=\u00bb991436&#8243; text_color_type=\u00bbuncode-palette\u00bb]Angola[\/vc_custom_heading][vc_custom_heading heading_semantic=\u00bbp\u00bb text_size=\u00bbh4&#8243; text_weight=\u00bb300&#8243; text_height=\u00bbfontheight-357766&#8243; text_space=\u00bbfontspace-111509&#8243; uncode_shortcode_id=\u00bb108929&#8243;]<strong>T-SMARTS \u00c1frica Central \/ CNL<\/strong><br \/>\nCentro de Neg\u00f3cios de Luanda<\/p>\n<p>Edif\u00edcio Ingombota Palace, 2\u00ba Andar, N\u00ba201<br \/>\nKikuxi \u2013 Viana<br \/>\nLuanda, Angola<br \/>\n+244 924 028 706[\/vc_custom_heading][\/vc_column][vc_column column_width_percent=\u00bb100&#8243; gutter_size=\u00bb2&#8243; override_padding=\u00bbyes\u00bb column_padding=\u00bb3&#8243; back_color=\u00bbcolor-wayh\u00bb overlay_alpha=\u00bb50&#8243; radius=\u00bblg\u00bb shift_x=\u00bb0&#8243; shift_y=\u00bb0&#8243; shift_y_down=\u00bb0&#8243; z_index=\u00bb0&#8243; medium_width=\u00bb0&#8243; mobile_width=\u00bb0&#8243; css_animation=\u00bbalpha-anim\u00bb animation_speed=\u00bb1000&#8243; animation_delay=\u00bb300&#8243; width=\u00bb1\/4&#8243; uncode_shortcode_id=\u00bb137673&#8243; back_color_type=\u00bbuncode-palette\u00bb el_class=\u00bbmid-color\u00bb][vc_custom_heading text_color=\u00bbcolor-jevc\u00bb heading_semantic=\u00bbh3&#8243; text_size=\u00bbh1&#8243; text_weight=\u00bb300&#8243; text_height=\u00bbfontheight-357766&#8243; text_space=\u00bbfontspace-111509&#8243; uncode_shortcode_id=\u00bb118806&#8243; text_color_type=\u00bbuncode-palette\u00bb]Mozambique[\/vc_custom_heading][vc_custom_heading heading_semantic=\u00bbp\u00bb text_size=\u00bbh4&#8243; text_weight=\u00bb300&#8243; text_height=\u00bbfontheight-357766&#8243; text_space=\u00bbfontspace-111509&#8243; uncode_shortcode_id=\u00bb175461&#8243;]<strong>T-SMARTS \u00c1frica Meridional<\/strong><br \/>\nCentro de Neg\u00f3cios de Maputo<br \/>\nQuarteir\u00e3o 1 \u2013 Parcela 981 \u2013 Matlhemele<br \/>\n1112 Machava<\/p>\n<p>Mozambique<br \/>\n+258 84 822 0365[\/vc_custom_heading][\/vc_column][\/vc_row][vc_row row_height_percent=\u00bb0&#8243; override_padding=\u00bbyes\u00bb h_padding=\u00bb2&#8243; top_padding=\u00bb3&#8243; bottom_padding=\u00bb3&#8243; back_color=\u00bbcolor-xsdn\u00bb overlay_alpha=\u00bb50&#8243; gutter_size=\u00bb4&#8243; column_width_percent=\u00bb100&#8243; shift_y=\u00bb0&#8243; z_index=\u00bb0&#8243; content_parallax=\u00bb0&#8243; uncode_shortcode_id=\u00bb176443&#8243; back_color_type=\u00bbuncode-palette\u00bb][vc_column column_width_percent=\u00bb100&#8243; gutter_size=\u00bb2&#8243; overlay_alpha=\u00bb50&#8243; shift_x=\u00bb0&#8243; shift_y=\u00bb0&#8243; shift_y_down=\u00bb0&#8243; z_index=\u00bb0&#8243; medium_width=\u00bb0&#8243; mobile_width=\u00bb0&#8243; width=\u00bb1\/1&#8243; uncode_shortcode_id=\u00bb726032&#8243;][vc_custom_heading text_color=\u00bbcolor-nhtu\u00bb heading_semantic=\u00bbh6&#8243; text_size=\u00bbfontsize-160000&#8243; text_transform=\u00bbuppercase\u00bb text_space=\u00bbfontspace-135905&#8243; uncode_shortcode_id=\u00bb126656&#8243; text_color_type=\u00bbuncode-palette\u00bb]\u00daNASE A NOSOTROS[\/vc_custom_heading][vc_custom_heading heading_semantic=\u00bbh3&#8243; text_size=\u00bbcustom\u00bb text_weight=\u00bb400&#8243; text_height=\u00bbfontheight-163298&#8243; css_animation=\u00bbtext-reveal\u00bb text_reveal_opacity=\u00bb20&#8243; text_reveal_speed=\u00bb50&#8243; text_reveal_top=\u00bb50&#8243; uncode_shortcode_id=\u00bb167476&#8243; heading_custom_size=\u00bbclamp(20px,3vw,20px)\u00bb]Ofrecemos servicios de ingenier\u00eda, conectividad y formaci\u00f3n para entornos cr\u00edticos y de alto riesgo, respaldados por equipos especializados y estrictos est\u00e1ndares operativos.[\/vc_custom_heading][vc_custom_heading text_color=\u00bbcolor-jevc\u00bb heading_semantic=\u00bbh1&#8243; text_font=\u00bbfont-377884&#8243; text_size=\u00bbh3&#8243; text_weight=\u00bb500&#8243; text_height=\u00bbfontheight-179065&#8243; css_animation=\u00bbtext-reveal\u00bb text_reveal_opacity=\u00bb20&#8243; text_reveal_speed=\u00bb50&#8243; text_reveal_top=\u00bb50&#8243; uncode_shortcode_id=\u00bb126407&#8243; text_color_type=\u00bbuncode-palette\u00bb]<\/p>\n<h1>\u00bfEst\u00e1 interesado en trabajar con TSMARTS?<\/h1>\n<p>[\/vc_custom_heading][vc_empty_space empty_h=\u00bb1&#8243;][vc_custom_heading heading_semantic=\u00bbh3&#8243; text_size=\u00bbcustom\u00bb text_weight=\u00bb400&#8243; text_height=\u00bbfontheight-163298&#8243; css_animation=\u00bbtext-reveal\u00bb text_reveal_opacity=\u00bb20&#8243; text_reveal_speed=\u00bb50&#8243; text_reveal_top=\u00bb50&#8243; uncode_shortcode_id=\u00bb195903&#8243; heading_custom_size=\u00bbclamp(20px,3vw,20px)\u00bb]Si le motiva la excelencia t\u00e9cnica, las operaciones centradas en la seguridad y los proyectos complejos, le invitamos a que deje sus datos y se ponga en contacto con nuestro equipo.[\/vc_custom_heading][vc_button button_color=\u00bbcolor-nhtu\u00bb border_width=\u00bb0&#8243; link=\u00bburl:https%3A%2F%2F269608f63871.quillforms.app%2Fforms%2Ftsmarts_formulario-contacto-personal-que-quiere-trabajar-espanol\u00bb button_color_type=\u00bbuncode-palette\u00bb uncode_shortcode_id=\u00bb743951&#8243;]Formulario de contacto[\/vc_button][\/vc_column][\/vc_row]<\/p>\n<\/div>","protected":false},"excerpt":{"rendered":"<p>[vc_row unlock_row_content=\u00bbyes\u00bb row_height_percent=\u00bb0&#8243; override_padding=\u00bbyes\u00bb h_padding=\u00bb7&#8243; top_padding=\u00bb7&#8243; bottom_padding=\u00bb7&#8243; back_color=\u00bbcolor-nhtu\u00bb back_image=\u00bb166437&#8243; back_position=\u00bbcenter top\u00bb kburns=\u00bbyes\u00bb overlay_color=\u00bbcolor-nhtu\u00bb overlay_alpha=\u00bb75&#8243; overlay_color_blend=\u00bbmultiply\u00bb overlay_animated=\u00bbyes\u00bb overlay_animated_1_color=\u00bbcolor-rgdb\u00bb overlay_animated_2_color=\u00bbcolor-rgdb\u00bb overlay_animated_size=\u00bb0.7&#8243; gutter_size=\u00bb3&#8243; [&hellip;]<\/p>\n","protected":false},"author":1,"featured_media":0,"parent":0,"menu_order":0,"comment_status":"closed","ping_status":"closed","template":"","meta":{"footnotes":""},"class_list":["post-167339","page","type-page","status-publish","hentry"],"_links":{"self":[{"href":"https:\/\/tsmarts.com\/es\/wp-json\/wp\/v2\/pages\/167339","targetHints":{"allow":["GET"]}}],"collection":[{"href":"https:\/\/tsmarts.com\/es\/wp-json\/wp\/v2\/pages"}],"about":[{"href":"https:\/\/tsmarts.com\/es\/wp-json\/wp\/v2\/types\/page"}],"author":[{"embeddable":true,"href":"https:\/\/tsmarts.com\/es\/wp-json\/wp\/v2\/users\/1"}],"replies":[{"embeddable":true,"href":"https:\/\/tsmarts.com\/es\/wp-json\/wp\/v2\/comments?post=167339"}],"version-history":[{"count":5,"href":"https:\/\/tsmarts.com\/es\/wp-json\/wp\/v2\/pages\/167339\/revisions"}],"predecessor-version":[{"id":168998,"href":"https:\/\/tsmarts.com\/es\/wp-json\/wp\/v2\/pages\/167339\/revisions\/168998"}],"wp:attachment":[{"href":"https:\/\/tsmarts.com\/es\/wp-json\/wp\/v2\/media?parent=167339"}],"curies":[{"name":"wp","href":"https:\/\/api.w.org\/{rel}","templated":true}]}}