{"id":167479,"date":"2026-01-23T18:22:33","date_gmt":"2026-01-23T18:22:33","guid":{"rendered":"https:\/\/tsmarts.com\/proyectos\/"},"modified":"2026-02-25T14:35:55","modified_gmt":"2026-02-25T14:35:55","slug":"proyectos","status":"publish","type":"page","link":"https:\/\/tsmarts.com\/es\/proyectos\/","title":{"rendered":"PROYECTOS"},"content":{"rendered":"<div class=\"wpb-content-wrapper\"><p>[vc_row unlock_row_content=\u00bbyes\u00bb row_height_percent=\u00bb50&#8243; override_padding=\u00bbyes\u00bb h_padding=\u00bb4&#8243; top_padding=\u00bb7&#8243; bottom_padding=\u00bb3&#8243; back_color=\u00bbcolor-nhtu\u00bb back_image=\u00bb167095&#8243; overlay_color=\u00bbcolor-nhtu\u00bb overlay_alpha=\u00bb77&#8243; overlay_color_blend=\u00bbmultiply\u00bb gutter_size=\u00bb3&#8243; column_width_percent=\u00bb100&#8243; shift_y=\u00bb0&#8243; z_index=\u00bb0&#8243; bottom_divider=\u00bbgradient\u00bb desktop_visibility=\u00bbyes\u00bb medium_visibility=\u00bbyes\u00bb content_parallax=\u00bb2&#8243; uncode_shortcode_id=\u00bb184508&#8243; back_color_type=\u00bbuncode-palette\u00bb el_class=\u00bboverflow-hidden\u00bb overlay_color_type=\u00bbuncode-palette\u00bb][vc_column column_width_percent=\u00bb100&#8243; position_vertical=\u00bbbottom\u00bb gutter_size=\u00bb2&#8243; style=\u00bbdark\u00bb overlay_alpha=\u00bb50&#8243; shift_x=\u00bb0&#8243; shift_y=\u00bb0&#8243; shift_y_down=\u00bb0&#8243; z_index=\u00bb0&#8243; medium_width=\u00bb0&#8243; mobile_width=\u00bb0&#8243; width=\u00bb1\/1&#8243; uncode_shortcode_id=\u00bb173627&#8243;][vc_row_inner row_inner_height_percent=\u00bb0&#8243; overlay_alpha=\u00bb50&#8243; gutter_size=\u00bb4&#8243; shift_y=\u00bb0&#8243; z_index=\u00bb0&#8243; limit_content=\u00bb\u00bb uncode_shortcode_id=\u00bb171274&#8243;][vc_column_inner column_width_percent=\u00bb100&#8243; gutter_size=\u00bb1&#8243; style=\u00bbdark\u00bb overlay_alpha=\u00bb50&#8243; shift_x=\u00bb0&#8243; shift_y=\u00bb0&#8243; shift_y_down=\u00bb0&#8243; z_index=\u00bb0&#8243; medium_width=\u00bb0&#8243; mobile_width=\u00bb0&#8243; width=\u00bb8\/12&#8243; uncode_shortcode_id=\u00bb210893&#8243;][vc_empty_space empty_h=\u00bb4&#8243;][vc_custom_heading text_weight=\u00bb700&#8243; css_animation=\u00bbcurtain\u00bb animation_speed=\u00bb400&#8243; uncode_shortcode_id=\u00bb112085&#8243;]Proyectos[\/vc_custom_heading][vc_custom_heading heading_semantic=\u00bbh1&#8243; text_size=\u00bbcustom\u00bb text_weight=\u00bb300&#8243; css_animation=\u00bbleft-t-right\u00bb animation_speed=\u00bb400&#8243; uncode_shortcode_id=\u00bb402166&#8243; heading_custom_size=\u00bbclamp(12px,5vw,15px)\u00bb]Experiencia demostrada en ingenier\u00eda, conectividad y soluciones digitales[\/vc_custom_heading][\/vc_column_inner][\/vc_row_inner][\/vc_column][\/vc_row][vc_row unlock_row_content=\u00bbyes\u00bb row_height_percent=\u00bb50&#8243; override_padding=\u00bbyes\u00bb h_padding=\u00bb4&#8243; top_padding=\u00bb7&#8243; bottom_padding=\u00bb3&#8243; back_color=\u00bbcolor-nhtu\u00bb back_image=\u00bb167095&#8243; overlay_color=\u00bbcolor-nhtu\u00bb overlay_alpha=\u00bb77&#8243; overlay_color_blend=\u00bbmultiply\u00bb gutter_size=\u00bb3&#8243; column_width_percent=\u00bb100&#8243; shift_y=\u00bb0&#8243; z_index=\u00bb0&#8243; bottom_divider=\u00bbgradient\u00bb mobile_visibility=\u00bbyes\u00bb content_parallax=\u00bb2&#8243; uncode_shortcode_id=\u00bb142627&#8243; back_color_type=\u00bbuncode-palette\u00bb el_class=\u00bboverflow-hidden\u00bb overlay_color_type=\u00bbuncode-palette\u00bb][vc_column column_width_percent=\u00bb100&#8243; position_vertical=\u00bbbottom\u00bb gutter_size=\u00bb2&#8243; style=\u00bbdark\u00bb overlay_alpha=\u00bb50&#8243; shift_x=\u00bb0&#8243; shift_y=\u00bb0&#8243; shift_y_down=\u00bb0&#8243; z_index=\u00bb0&#8243; medium_width=\u00bb0&#8243; mobile_width=\u00bb0&#8243; width=\u00bb1\/1&#8243; uncode_shortcode_id=\u00bb173627&#8243;][vc_row_inner row_inner_height_percent=\u00bb0&#8243; overlay_alpha=\u00bb50&#8243; gutter_size=\u00bb4&#8243; shift_y=\u00bb0&#8243; z_index=\u00bb0&#8243; limit_content=\u00bb\u00bb uncode_shortcode_id=\u00bb171274&#8243;][vc_column_inner column_width_percent=\u00bb100&#8243; gutter_size=\u00bb1&#8243; style=\u00bbdark\u00bb overlay_alpha=\u00bb50&#8243; shift_x=\u00bb0&#8243; shift_y=\u00bb0&#8243; shift_y_down=\u00bb0&#8243; z_index=\u00bb0&#8243; medium_width=\u00bb0&#8243; mobile_width=\u00bb0&#8243; width=\u00bb8\/12&#8243; uncode_shortcode_id=\u00bb210893&#8243;][vc_empty_space empty_h=\u00bb4&#8243;][vc_custom_heading text_size=\u00bbcustom\u00bb text_weight=\u00bb500&#8243; css_animation=\u00bbcurtain\u00bb animation_speed=\u00bb400&#8243; uncode_shortcode_id=\u00bb116804&#8243; heading_custom_size=\u00bbclamp(43px,5vw,100px)\u00bb]Proyectos[\/vc_custom_heading][vc_custom_heading heading_semantic=\u00bbh1&#8243; text_size=\u00bbcustom\u00bb text_weight=\u00bb500&#8243; css_animation=\u00bbleft-t-right\u00bb animation_speed=\u00bb400&#8243; uncode_shortcode_id=\u00bb142618&#8243; heading_custom_size=\u00bbclamp(12px,5vw,25px)\u00bb]Experiencia demostrada en ingenier\u00eda, conectividad y soluciones digitales[\/vc_custom_heading][\/vc_column_inner][\/vc_row_inner][\/vc_column][\/vc_row][vc_row row_height_percent=\u00bb0&#8243; override_padding=\u00bbyes\u00bb h_padding=\u00bb2&#8243; top_padding=\u00bb3&#8243; bottom_padding=\u00bb2&#8243; back_color=\u00bbcolor-xsdn\u00bb overlay_alpha=\u00bb50&#8243; gutter_size=\u00bb4&#8243; column_width_percent=\u00bb100&#8243; shift_y=\u00bb0&#8243; z_index=\u00bb0&#8243; content_parallax=\u00bb0&#8243; uncode_shortcode_id=\u00bb194783&#8243; back_color_type=\u00bbuncode-palette\u00bb][vc_column column_width_percent=\u00bb100&#8243; gutter_size=\u00bb2&#8243; overlay_alpha=\u00bb50&#8243; shift_x=\u00bb0&#8243; shift_y=\u00bb0&#8243; shift_y_down=\u00bb0&#8243; z_index=\u00bb0&#8243; medium_width=\u00bb0&#8243; mobile_width=\u00bb0&#8243; width=\u00bb1\/1&#8243; uncode_shortcode_id=\u00bb726032&#8243;][vc_custom_heading text_color=\u00bbcolor-nhtu\u00bb heading_semantic=\u00bbh6&#8243; text_size=\u00bbfontsize-160000&#8243; text_transform=\u00bbuppercase\u00bb text_space=\u00bbfontspace-135905&#8243; uncode_shortcode_id=\u00bb135292&#8243; text_color_type=\u00bbuncode-palette\u00bb]T-SMARTS[\/vc_custom_heading][vc_custom_heading text_color=\u00bbcolor-jevc\u00bb heading_semantic=\u00bbh1&#8243; text_font=\u00bbfont-377884&#8243; text_size=\u00bbh1&#8243; text_weight=\u00bb500&#8243; text_height=\u00bbfontheight-179065&#8243; css_animation=\u00bbtext-reveal\u00bb text_reveal_opacity=\u00bb20&#8243; text_reveal_speed=\u00bb50&#8243; text_reveal_top=\u00bb50&#8243; uncode_shortcode_id=\u00bb155758&#8243; text_color_type=\u00bbuncode-palette\u00bb]<\/p>\n<h1>Una selecci\u00f3n de proyectos entregados en m\u00faltiples regiones, tecnolog\u00edas y entornos operativos.<\/h1>\n<p>[\/vc_custom_heading][\/vc_column][\/vc_row][vc_row row_height_percent=\u00bb0&#8243; override_padding=\u00bbyes\u00bb h_padding=\u00bb2&#8243; top_padding=\u00bb2&#8243; bottom_padding=\u00bb2&#8243; back_color=\u00bbcolor-xsdn\u00bb overlay_alpha=\u00bb50&#8243; overlay_animated=\u00bbyes\u00bb overlay_animated_1_color=\u00bbcolor-nhtu\u00bb overlay_animated_size=\u00bb0.35&#8243; gutter_size=\u00bb4&#8243; column_width_percent=\u00bb100&#8243; shift_y=\u00bb0&#8243; z_index=\u00bb0&#8243; content_parallax=\u00bb0&#8243; uncode_shortcode_id=\u00bb944439&#8243; back_color_type=\u00bbuncode-palette\u00bb overlay_animated_1_color_type=\u00bbuncode-palette\u00bb][vc_column column_width_percent=\u00bb100&#8243; gutter_size=\u00bb2&#8243; overlay_alpha=\u00bb50&#8243; shadow=\u00bbsm\u00bb shift_x=\u00bb0&#8243; shift_y=\u00bb0&#8243; shift_y_down=\u00bb0&#8243; z_index=\u00bb0&#8243; medium_width=\u00bb0&#8243; mobile_width=\u00bb0&#8243; css_animation=\u00bbalpha-anim\u00bb animation_speed=\u00bb1000&#8243; width=\u00bb1\/3&#8243; uncode_shortcode_id=\u00bb960212&#8243;][vc_single_image media=\u00bb168087&#8243; media_width_percent=\u00bb100&#8243; uncode_shortcode_id=\u00bb222561&#8243;][\/vc_column][vc_column column_width_percent=\u00bb100&#8243; gutter_size=\u00bb3&#8243; overlay_alpha=\u00bb50&#8243; shadow=\u00bbsm\u00bb shift_x=\u00bb0&#8243; shift_y=\u00bb0&#8243; shift_y_down=\u00bb0&#8243; z_index=\u00bb0&#8243; medium_width=\u00bb0&#8243; mobile_width=\u00bb0&#8243; css_animation=\u00bbalpha-anim\u00bb animation_speed=\u00bb1000&#8243; animation_delay=\u00bb100&#8243; width=\u00bb1\/3&#8243; uncode_shortcode_id=\u00bb167915&#8243;][vc_single_image media=\u00bb168088&#8243; media_width_percent=\u00bb100&#8243; uncode_shortcode_id=\u00bb184820&#8243;][\/vc_column][vc_column column_width_percent=\u00bb100&#8243; gutter_size=\u00bb3&#8243; overlay_alpha=\u00bb50&#8243; shadow=\u00bbsm\u00bb shift_x=\u00bb0&#8243; shift_y=\u00bb0&#8243; shift_y_down=\u00bb0&#8243; z_index=\u00bb0&#8243; medium_width=\u00bb0&#8243; mobile_width=\u00bb0&#8243; width=\u00bb1\/3&#8243; uncode_shortcode_id=\u00bb142124&#8243;][vc_single_image media=\u00bb168089&#8243; dynamic=\u00bbyes\u00bb dynamic_source=\u00bbsecondary\u00bb media_width_percent=\u00bb100&#8243; css_animation=\u00bbalpha-anim\u00bb animation_speed=\u00bb1000&#8243; animation_delay=\u00bb200&#8243; uncode_shortcode_id=\u00bb303317&#8243; el_class=\u00bbm-b-xl\u00bb][\/vc_column][\/vc_row][vc_row row_height_percent=\u00bb0&#8243; override_padding=\u00bbyes\u00bb h_padding=\u00bb2&#8243; top_padding=\u00bb2&#8243; bottom_padding=\u00bb2&#8243; back_color=\u00bbcolor-xsdn\u00bb overlay_alpha=\u00bb50&#8243; overlay_animated=\u00bbyes\u00bb overlay_animated_1_color=\u00bbcolor-nhtu\u00bb overlay_animated_size=\u00bb0.35&#8243; gutter_size=\u00bb4&#8243; column_width_percent=\u00bb100&#8243; shift_y=\u00bb0&#8243; z_index=\u00bb0&#8243; content_parallax=\u00bb0&#8243; uncode_shortcode_id=\u00bb247019&#8243; back_color_type=\u00bbuncode-palette\u00bb overlay_animated_1_color_type=\u00bbuncode-palette\u00bb][vc_column column_width_percent=\u00bb100&#8243; gutter_size=\u00bb2&#8243; overlay_alpha=\u00bb50&#8243; shadow=\u00bbsm\u00bb shift_x=\u00bb0&#8243; shift_y=\u00bb0&#8243; shift_y_down=\u00bb0&#8243; z_index=\u00bb0&#8243; medium_width=\u00bb0&#8243; mobile_width=\u00bb0&#8243; css_animation=\u00bbalpha-anim\u00bb animation_speed=\u00bb1000&#8243; width=\u00bb1\/3&#8243; uncode_shortcode_id=\u00bb960212&#8243;][vc_single_image media=\u00bb168101&#8243; media_width_percent=\u00bb100&#8243; uncode_shortcode_id=\u00bb126921&#8243;][\/vc_column][vc_column column_width_percent=\u00bb100&#8243; gutter_size=\u00bb3&#8243; overlay_alpha=\u00bb50&#8243; shadow=\u00bbsm\u00bb shift_x=\u00bb0&#8243; shift_y=\u00bb0&#8243; shift_y_down=\u00bb0&#8243; z_index=\u00bb0&#8243; medium_width=\u00bb0&#8243; mobile_width=\u00bb0&#8243; css_animation=\u00bbalpha-anim\u00bb animation_speed=\u00bb1000&#8243; animation_delay=\u00bb100&#8243; width=\u00bb1\/3&#8243; uncode_shortcode_id=\u00bb167915&#8243;][vc_single_image media=\u00bb168091&#8243; media_width_percent=\u00bb100&#8243; uncode_shortcode_id=\u00bb144380&#8243;][\/vc_column][vc_column column_width_percent=\u00bb100&#8243; gutter_size=\u00bb3&#8243; overlay_alpha=\u00bb50&#8243; shadow=\u00bbsm\u00bb shift_x=\u00bb0&#8243; shift_y=\u00bb0&#8243; shift_y_down=\u00bb0&#8243; z_index=\u00bb0&#8243; medium_width=\u00bb0&#8243; mobile_width=\u00bb0&#8243; width=\u00bb1\/3&#8243; uncode_shortcode_id=\u00bb142124&#8243;][vc_single_image media=\u00bb168093&#8243; dynamic=\u00bbyes\u00bb dynamic_source=\u00bbsecondary\u00bb media_width_percent=\u00bb100&#8243; css_animation=\u00bbalpha-anim\u00bb animation_speed=\u00bb1000&#8243; animation_delay=\u00bb200&#8243; uncode_shortcode_id=\u00bb677751&#8243; el_class=\u00bbm-b-xl\u00bb][\/vc_column][\/vc_row][vc_row row_height_percent=\u00bb0&#8243; override_padding=\u00bbyes\u00bb h_padding=\u00bb2&#8243; top_padding=\u00bb2&#8243; bottom_padding=\u00bb2&#8243; back_color=\u00bbcolor-xsdn\u00bb overlay_alpha=\u00bb50&#8243; overlay_animated=\u00bbyes\u00bb overlay_animated_1_color=\u00bbcolor-nhtu\u00bb overlay_animated_size=\u00bb0.35&#8243; gutter_size=\u00bb4&#8243; column_width_percent=\u00bb100&#8243; shift_y=\u00bb0&#8243; z_index=\u00bb0&#8243; content_parallax=\u00bb0&#8243; uncode_shortcode_id=\u00bb944439&#8243; back_color_type=\u00bbuncode-palette\u00bb overlay_animated_1_color_type=\u00bbuncode-palette\u00bb][vc_column column_width_percent=\u00bb100&#8243; gutter_size=\u00bb2&#8243; overlay_alpha=\u00bb50&#8243; shadow=\u00bbsm\u00bb shift_x=\u00bb0&#8243; shift_y=\u00bb0&#8243; shift_y_down=\u00bb0&#8243; z_index=\u00bb0&#8243; medium_width=\u00bb0&#8243; mobile_width=\u00bb0&#8243; css_animation=\u00bbalpha-anim\u00bb animation_speed=\u00bb1000&#8243; width=\u00bb1\/3&#8243; uncode_shortcode_id=\u00bb960212&#8243;][vc_single_image media=\u00bb168095&#8243; media_width_percent=\u00bb100&#8243; uncode_shortcode_id=\u00bb534498&#8243;][\/vc_column][vc_column column_width_percent=\u00bb100&#8243; gutter_size=\u00bb3&#8243; overlay_alpha=\u00bb50&#8243; shadow=\u00bbsm\u00bb shift_x=\u00bb0&#8243; shift_y=\u00bb0&#8243; shift_y_down=\u00bb0&#8243; z_index=\u00bb0&#8243; medium_width=\u00bb0&#8243; mobile_width=\u00bb0&#8243; css_animation=\u00bbalpha-anim\u00bb animation_speed=\u00bb1000&#8243; animation_delay=\u00bb100&#8243; width=\u00bb1\/3&#8243; uncode_shortcode_id=\u00bb167915&#8243;][vc_single_image media=\u00bb168096&#8243; media_width_percent=\u00bb100&#8243; uncode_shortcode_id=\u00bb197873&#8243;][\/vc_column][vc_column column_width_percent=\u00bb100&#8243; gutter_size=\u00bb3&#8243; overlay_alpha=\u00bb50&#8243; shadow=\u00bbsm\u00bb shift_x=\u00bb0&#8243; shift_y=\u00bb0&#8243; shift_y_down=\u00bb0&#8243; z_index=\u00bb0&#8243; medium_width=\u00bb0&#8243; mobile_width=\u00bb0&#8243; width=\u00bb1\/3&#8243; uncode_shortcode_id=\u00bb142124&#8243;][vc_single_image media=\u00bb168097&#8243; dynamic=\u00bbyes\u00bb dynamic_source=\u00bbsecondary\u00bb media_width_percent=\u00bb100&#8243; css_animation=\u00bbalpha-anim\u00bb animation_speed=\u00bb1000&#8243; animation_delay=\u00bb200&#8243; uncode_shortcode_id=\u00bb194939&#8243; el_class=\u00bbm-b-xl\u00bb][\/vc_column][\/vc_row][vc_row row_height_percent=\u00bb0&#8243; override_padding=\u00bbyes\u00bb h_padding=\u00bb2&#8243; top_padding=\u00bb2&#8243; bottom_padding=\u00bb2&#8243; back_color=\u00bbcolor-xsdn\u00bb overlay_alpha=\u00bb50&#8243; overlay_animated=\u00bbyes\u00bb overlay_animated_1_color=\u00bbcolor-nhtu\u00bb overlay_animated_size=\u00bb0.35&#8243; gutter_size=\u00bb4&#8243; column_width_percent=\u00bb100&#8243; shift_y=\u00bb0&#8243; z_index=\u00bb0&#8243; content_parallax=\u00bb0&#8243; uncode_shortcode_id=\u00bb209436&#8243; back_color_type=\u00bbuncode-palette\u00bb overlay_animated_1_color_type=\u00bbuncode-palette\u00bb][vc_column column_width_percent=\u00bb100&#8243; gutter_size=\u00bb2&#8243; overlay_alpha=\u00bb50&#8243; shadow=\u00bbsm\u00bb shift_x=\u00bb0&#8243; shift_y=\u00bb0&#8243; shift_y_down=\u00bb0&#8243; z_index=\u00bb0&#8243; medium_width=\u00bb0&#8243; mobile_width=\u00bb0&#8243; css_animation=\u00bbalpha-anim\u00bb animation_speed=\u00bb1000&#8243; width=\u00bb1\/3&#8243; uncode_shortcode_id=\u00bb960212&#8243;][vc_single_image media=\u00bb168099&#8243; media_width_percent=\u00bb100&#8243; uncode_shortcode_id=\u00bb187837&#8243;][\/vc_column][vc_column column_width_percent=\u00bb100&#8243; gutter_size=\u00bb3&#8243; overlay_alpha=\u00bb50&#8243; shadow=\u00bbsm\u00bb shift_x=\u00bb0&#8243; shift_y=\u00bb0&#8243; shift_y_down=\u00bb0&#8243; z_index=\u00bb0&#8243; medium_width=\u00bb0&#8243; mobile_width=\u00bb0&#8243; css_animation=\u00bbalpha-anim\u00bb animation_speed=\u00bb1000&#8243; animation_delay=\u00bb100&#8243; width=\u00bb1\/3&#8243; uncode_shortcode_id=\u00bb167915&#8243;][vc_single_image media=\u00bb168100&#8243; media_width_percent=\u00bb100&#8243; uncode_shortcode_id=\u00bb149999&#8243;][\/vc_column][vc_column column_width_percent=\u00bb100&#8243; gutter_size=\u00bb3&#8243; overlay_alpha=\u00bb50&#8243; shadow=\u00bbsm\u00bb shift_x=\u00bb0&#8243; shift_y=\u00bb0&#8243; shift_y_down=\u00bb0&#8243; z_index=\u00bb0&#8243; medium_width=\u00bb0&#8243; mobile_width=\u00bb0&#8243; width=\u00bb1\/3&#8243; uncode_shortcode_id=\u00bb142124&#8243;][vc_single_image media=\u00bb168090&#8243; dynamic=\u00bbyes\u00bb dynamic_source=\u00bbsecondary\u00bb media_width_percent=\u00bb100&#8243; css_animation=\u00bbalpha-anim\u00bb animation_speed=\u00bb1000&#8243; animation_delay=\u00bb200&#8243; uncode_shortcode_id=\u00bb127843&#8243; el_class=\u00bbm-b-xl\u00bb][\/vc_column][\/vc_row][vc_row row_height_percent=\u00bb0&#8243; override_padding=\u00bbyes\u00bb h_padding=\u00bb2&#8243; top_padding=\u00bb2&#8243; bottom_padding=\u00bb2&#8243; back_color=\u00bbcolor-xsdn\u00bb overlay_alpha=\u00bb50&#8243; overlay_animated=\u00bbyes\u00bb overlay_animated_1_color=\u00bbcolor-nhtu\u00bb overlay_animated_size=\u00bb0.35&#8243; equal_height=\u00bbyes\u00bb gutter_size=\u00bb4&#8243; column_width_percent=\u00bb100&#8243; shift_y=\u00bb0&#8243; z_index=\u00bb0&#8243; content_parallax=\u00bb0&#8243; uncode_shortcode_id=\u00bb865563&#8243; back_color_type=\u00bbuncode-palette\u00bb overlay_animated_1_color_type=\u00bbuncode-palette\u00bb][vc_column column_width_percent=\u00bb100&#8243; gutter_size=\u00bb2&#8243; overlay_alpha=\u00bb50&#8243; shadow=\u00bbsm\u00bb shift_x=\u00bb0&#8243; shift_y=\u00bb0&#8243; shift_y_down=\u00bb0&#8243; z_index=\u00bb0&#8243; medium_width=\u00bb0&#8243; mobile_width=\u00bb0&#8243; css_animation=\u00bbalpha-anim\u00bb animation_speed=\u00bb1000&#8243; width=\u00bb1\/3&#8243; uncode_shortcode_id=\u00bb960212&#8243;][vc_single_image media=\u00bb168092&#8243; media_width_percent=\u00bb100&#8243; uncode_shortcode_id=\u00bb790469&#8243;][\/vc_column][vc_column column_width_percent=\u00bb100&#8243; gutter_size=\u00bb3&#8243; overlay_alpha=\u00bb50&#8243; shadow=\u00bbsm\u00bb shift_x=\u00bb0&#8243; shift_y=\u00bb0&#8243; shift_y_down=\u00bb0&#8243; z_index=\u00bb0&#8243; medium_width=\u00bb0&#8243; mobile_width=\u00bb0&#8243; css_animation=\u00bbalpha-anim\u00bb animation_speed=\u00bb1000&#8243; animation_delay=\u00bb100&#8243; width=\u00bb1\/3&#8243; uncode_shortcode_id=\u00bb167915&#8243;][vc_single_image media=\u00bb168094&#8243; media_width_percent=\u00bb100&#8243; uncode_shortcode_id=\u00bb153464&#8243;][\/vc_column][vc_column column_width_percent=\u00bb100&#8243; gutter_size=\u00bb3&#8243; overlay_alpha=\u00bb50&#8243; shadow=\u00bbsm\u00bb shift_x=\u00bb0&#8243; shift_y=\u00bb0&#8243; shift_y_down=\u00bb0&#8243; z_index=\u00bb0&#8243; medium_width=\u00bb0&#8243; mobile_width=\u00bb0&#8243; width=\u00bb1\/3&#8243; uncode_shortcode_id=\u00bb136602&#8243;][vc_single_image media=\u00bb168188&#8243; media_width_percent=\u00bb100&#8243; uncode_shortcode_id=\u00bb310752&#8243;][\/vc_column][\/vc_row][vc_row unlock_row_content=\u00bbyes\u00bb row_height_percent=\u00bb0&#8243; override_padding=\u00bbyes\u00bb h_padding=\u00bb4&#8243; top_padding=\u00bb4&#8243; bottom_padding=\u00bb4&#8243; back_color=\u00bbcolor-rgdb\u00bb back_image=\u00bb166457&#8243; overlay_alpha=\u00bb50&#8243; overlay_animated=\u00bbyes\u00bb overlay_animated_size=\u00bb0.35&#8243; gutter_size=\u00bb4&#8243; column_width_percent=\u00bb100&#8243; shift_y=\u00bb0&#8243; z_index=\u00bb0&#8243; content_parallax=\u00bb0&#8243; uncode_shortcode_id=\u00bb132891&#8243; back_color_type=\u00bbuncode-palette\u00bb overlay_animated_1_color_type=\u00bbuncode-solid\u00bb overlay_animated_1_color_solid=\u00bb#2472d8&#8243; overlay_animated_2_color_type=\u00bbuncode-solid\u00bb overlay_animated_2_color_solid=\u00bb#77bef5&#8243;][vc_column column_width_percent=\u00bb100&#8243; gutter_size=\u00bb2&#8243; overlay_alpha=\u00bb50&#8243; shift_x=\u00bb0&#8243; shift_y=\u00bb0&#8243; shift_y_down=\u00bb0&#8243; z_index=\u00bb0&#8243; medium_width=\u00bb0&#8243; mobile_width=\u00bb0&#8243; width=\u00bb9\/12&#8243; uncode_shortcode_id=\u00bb115494&#8243;][vc_custom_heading text_color=\u00bbcolor-xsdn\u00bb text_size=\u00bbh1&#8243; text_weight=\u00bb500&#8243; uncode_shortcode_id=\u00bb130056&#8243; text_color_type=\u00bbuncode-palette\u00bb]\u00bfBusca un socio experimentado para proyectos de infraestructura complejos?[\/vc_custom_heading][vc_custom_heading text_color=\u00bbcolor-xsdn\u00bb text_size=\u00bbh4&#8243; text_weight=\u00bb500&#8243; uncode_shortcode_id=\u00bb211675&#8243; text_color_type=\u00bbuncode-palette\u00bb]Hable con nuestro equipo sobre su red, infraestructura o desaf\u00edos de implementaci\u00f3n.[\/vc_custom_heading][vc_row_inner][vc_column_inner width=\u00bb1\/3&#8243;][vc_icon position=\u00bbleft\u00bb icon=\u00bbfa fa-check\u00bb icon_color=\u00bbcolor-xsdn\u00bb size=\u00bbfa-3x\u00bb uncode_shortcode_id=\u00bb467411&#8243; icon_color_type=\u00bbuncode-palette\u00bb title=\u00bb100% gratis\u00bb][\/vc_icon][\/vc_column_inner][vc_column_inner width=\u00bb1\/3&#8243;][vc_icon position=\u00bbleft\u00bb icon=\u00bbfa fa-check\u00bb icon_color=\u00bbcolor-xsdn\u00bb size=\u00bbfa-3x\u00bb uncode_shortcode_id=\u00bb570075&#8243; icon_color_type=\u00bbuncode-palette\u00bb title=\u00bbExpertos cualificados\u00bb][\/vc_icon][\/vc_column_inner][vc_column_inner width=\u00bb1\/3&#8243;][vc_icon position=\u00bbleft\u00bb icon=\u00bbfa fa-check\u00bb icon_color=\u00bbcolor-xsdn\u00bb size=\u00bbfa-3x\u00bb uncode_shortcode_id=\u00bb185698&#8243; icon_color_type=\u00bbuncode-palette\u00bb title=\u00bbInformaci\u00f3n actualizada\u00bb][\/vc_icon][\/vc_column_inner][\/vc_row_inner][\/vc_column][vc_column column_width_percent=\u00bb100&#8243; position_vertical=\u00bbmiddle\u00bb align_horizontal=\u00bbalign_right\u00bb gutter_size=\u00bb3&#8243; overlay_alpha=\u00bb50&#8243; shift_x=\u00bb0&#8243; shift_y=\u00bb0&#8243; shift_y_down=\u00bb0&#8243; z_index=\u00bb0&#8243; align_medium=\u00bbalign_left_tablet\u00bb medium_width=\u00bb0&#8243; align_mobile=\u00bbalign_left_mobile\u00bb mobile_width=\u00bb0&#8243; width=\u00bb3\/12&#8243; uncode_shortcode_id=\u00bb857365&#8243;][vc_button button_color=\u00bbcolor-nhtu\u00bb border_width=\u00bb0&#8243; button_color_type=\u00bbuncode-palette\u00bb uncode_shortcode_id=\u00bb175116&#8243; link=\u00bburl:https%3A%2F%2F269608f63871.quillforms.app%2Fforms%2Ftsmarts_formulario-contacto-web-espanol\u00bb]Solicitar consulta[\/vc_button][vc_button button_color=\u00bbcolor-nhtu\u00bb border_width=\u00bb0&#8243; button_color_type=\u00bbuncode-palette\u00bb uncode_shortcode_id=\u00bb202128&#8243; link=\u00bburl:tel%3A%2B351253146320|\u00bb]Llame al: +351 253 146 320[\/vc_button][vc_empty_space][\/vc_column][\/vc_row]<\/p>\n<\/div>","protected":false},"excerpt":{"rendered":"<p>[vc_row unlock_row_content=\u00bbyes\u00bb row_height_percent=\u00bb50&#8243; override_padding=\u00bbyes\u00bb h_padding=\u00bb4&#8243; top_padding=\u00bb7&#8243; bottom_padding=\u00bb3&#8243; back_color=\u00bbcolor-nhtu\u00bb back_image=\u00bb167095&#8243; overlay_color=\u00bbcolor-nhtu\u00bb overlay_alpha=\u00bb77&#8243; overlay_color_blend=\u00bbmultiply\u00bb gutter_size=\u00bb3&#8243; column_width_percent=\u00bb100&#8243; shift_y=\u00bb0&#8243; z_index=\u00bb0&#8243; bottom_divider=\u00bbgradient\u00bb desktop_visibility=\u00bbyes\u00bb medium_visibility=\u00bbyes\u00bb content_parallax=\u00bb2&#8243; [&hellip;]<\/p>\n","protected":false},"author":1,"featured_media":0,"parent":0,"menu_order":0,"comment_status":"closed","ping_status":"closed","template":"","meta":{"footnotes":""},"class_list":["post-167479","page","type-page","status-publish","hentry","page_category-creatividad","page_category-negocios"],"_links":{"self":[{"href":"https:\/\/tsmarts.com\/es\/wp-json\/wp\/v2\/pages\/167479","targetHints":{"allow":["GET"]}}],"collection":[{"href":"https:\/\/tsmarts.com\/es\/wp-json\/wp\/v2\/pages"}],"about":[{"href":"https:\/\/tsmarts.com\/es\/wp-json\/wp\/v2\/types\/page"}],"author":[{"embeddable":true,"href":"https:\/\/tsmarts.com\/es\/wp-json\/wp\/v2\/users\/1"}],"replies":[{"embeddable":true,"href":"https:\/\/tsmarts.com\/es\/wp-json\/wp\/v2\/comments?post=167479"}],"version-history":[{"count":8,"href":"https:\/\/tsmarts.com\/es\/wp-json\/wp\/v2\/pages\/167479\/revisions"}],"predecessor-version":[{"id":168519,"href":"https:\/\/tsmarts.com\/es\/wp-json\/wp\/v2\/pages\/167479\/revisions\/168519"}],"wp:attachment":[{"href":"https:\/\/tsmarts.com\/es\/wp-json\/wp\/v2\/media?parent=167479"}],"curies":[{"name":"wp","href":"https:\/\/api.w.org\/{rel}","templated":true}]}}