{"id":167335,"date":"2024-11-04T15:44:24","date_gmt":"2024-11-04T15:44:24","guid":{"rendered":"https:\/\/tsmarts.com\/contacto\/"},"modified":"2026-03-09T09:43:47","modified_gmt":"2026-03-09T09:43:47","slug":"contacto","status":"publish","type":"page","link":"https:\/\/tsmarts.com\/pt-pt\/contacto\/","title":{"rendered":"CONTACTO"},"content":{"rendered":"<div class=\"wpb-content-wrapper\"><p>[vc_row unlock_row_content=&#8221;yes&#8221; row_height_percent=&#8221;0&#8243; override_padding=&#8221;yes&#8221; h_padding=&#8221;7&#8243; top_padding=&#8221;7&#8243; bottom_padding=&#8221;7&#8243; back_color=&#8221;color-nhtu&#8221; back_image=&#8221;166437&#8243; back_position=&#8221;center top&#8221; kburns=&#8221;yes&#8221; overlay_color=&#8221;color-nhtu&#8221; overlay_alpha=&#8221;75&#8243; overlay_color_blend=&#8221;multiply&#8221; overlay_animated=&#8221;yes&#8221; overlay_animated_1_color=&#8221;color-rgdb&#8221; overlay_animated_2_color=&#8221;color-rgdb&#8221; overlay_animated_size=&#8221;0.7&#8243; gutter_size=&#8221;3&#8243; column_width_percent=&#8221;100&#8243; shift_y=&#8221;0&#8243; z_index=&#8221;0&#8243; bottom_divider=&#8221;gradient&#8221; desktop_visibility=&#8221;yes&#8221; medium_visibility=&#8221;yes&#8221; css_animation=&#8221;scroll-trigger&#8221; animation_state=&#8221;end&#8221; animation_scale_val=&#8221;100&#8243; animation_opacity=&#8221;0&#8243; animation_x=&#8221;0&#8243; animation_y=&#8221;0&#8243; animation_blur=&#8221;0&#8243; animation_rotate=&#8221;0&#8243; animation_perspective=&#8221;0&#8243; animation_offset_top=&#8221;0&#8243; animation_offset_bottom=&#8221;85&#8243; content_parallax=&#8221;3&#8243; uncode_shortcode_id=&#8221;185617&#8243; back_color_type=&#8221;uncode-palette&#8221; overlay_color_type=&#8221;uncode-palette&#8221; overlay_animated_1_color_type=&#8221;uncode-palette&#8221; overlay_animated_2_color_type=&#8221;uncode-palette&#8221;][vc_column column_width_percent=&#8221;100&#8243; position_vertical=&#8221;bottom&#8221; gutter_size=&#8221;4&#8243; style=&#8221;dark&#8221; overlay_alpha=&#8221;50&#8243; shift_x=&#8221;0&#8243; shift_y=&#8221;0&#8243; shift_y_down=&#8221;0&#8243; z_index=&#8221;0&#8243; medium_width=&#8221;0&#8243; mobile_width=&#8221;0&#8243; width=&#8221;1\/1&#8243; uncode_shortcode_id=&#8221;138994&#8243;][vc_empty_space empty_h=&#8221;5&#8243;][vc_row_inner limit_content=&#8221;&#8221;][vc_column_inner column_width_percent=&#8221;100&#8243; position_horizontal=&#8221;left&#8221; gutter_size=&#8221;3&#8243; style=&#8221;dark&#8221; overlay_alpha=&#8221;50&#8243; shift_x=&#8221;0&#8243; shift_y=&#8221;0&#8243; shift_y_down=&#8221;0&#8243; z_index=&#8221;0&#8243; medium_width=&#8221;0&#8243; mobile_width=&#8221;0&#8243; width=&#8221;1\/1&#8243; uncode_shortcode_id=&#8221;311432&#8243;][vc_custom_heading text_weight=&#8221;700&#8243; text_space=&#8221;fontspace-111509&#8243; uncode_shortcode_id=&#8221;105074&#8243;]Seja para um projeto futuro ou para obter informa\u00e7\u00f5es sobre a empresa[\/vc_custom_heading][\/vc_column_inner][\/vc_row_inner][vc_separator sep_color=&#8221;&#8221; full_width=&#8221;yes&#8221; uncode_shortcode_id=&#8221;184810&#8243;][vc_row_inner row_inner_height_percent=&#8221;0&#8243; overlay_alpha=&#8221;50&#8243; gutter_size=&#8221;5&#8243; shift_y=&#8221;0&#8243; z_index=&#8221;0&#8243; limit_content=&#8221;&#8221; uncode_shortcode_id=&#8221;157228&#8243;][vc_column_inner column_width_percent=&#8221;100&#8243; gutter_size=&#8221;3&#8243; overlay_alpha=&#8221;50&#8243; shift_x=&#8221;0&#8243; shift_y=&#8221;0&#8243; shift_y_down=&#8221;0&#8243; z_index=&#8221;0&#8243; medium_visibility=&#8221;yes&#8221; medium_width=&#8221;0&#8243; mobile_visibility=&#8221;yes&#8221; mobile_width=&#8221;0&#8243; width=&#8221;6\/12&#8243; uncode_shortcode_id=&#8221;358233&#8243;][\/vc_column_inner][vc_column_inner column_width_percent=&#8221;100&#8243; gutter_size=&#8221;3&#8243; style=&#8221;dark&#8221; overlay_alpha=&#8221;50&#8243; shift_x=&#8221;0&#8243; shift_y=&#8221;0&#8243; shift_y_down=&#8221;0&#8243; z_index=&#8221;0&#8243; medium_width=&#8221;0&#8243; mobile_width=&#8221;0&#8243; width=&#8221;4\/12&#8243; uncode_shortcode_id=&#8221;202754&#8243;][vc_custom_heading heading_semantic=&#8221;h3&#8243; text_size=&#8221;h3&#8243; text_weight=&#8221;300&#8243; text_height=&#8221;fontheight-163298&#8243; text_space=&#8221;fontspace-111509&#8243; uncode_shortcode_id=&#8221;114864&#8243;]Entre em contacto e vamos explorar como a nossa experi\u00eancia pode impulsionar o progresso dos seus objetivos.[\/vc_custom_heading][\/vc_column_inner][vc_column_inner column_width_percent=&#8221;100&#8243; gutter_size=&#8221;3&#8243; overlay_alpha=&#8221;50&#8243; shift_x=&#8221;0&#8243; shift_y=&#8221;0&#8243; shift_y_down=&#8221;0&#8243; z_index=&#8221;0&#8243; medium_visibility=&#8221;yes&#8221; medium_width=&#8221;0&#8243; mobile_visibility=&#8221;yes&#8221; mobile_width=&#8221;0&#8243; width=&#8221;2\/12&#8243; uncode_shortcode_id=&#8221;115539&#8243;][\/vc_column_inner][\/vc_row_inner][\/vc_column][\/vc_row][vc_row unlock_row_content=&#8221;yes&#8221; row_height_percent=&#8221;0&#8243; override_padding=&#8221;yes&#8221; h_padding=&#8221;7&#8243; top_padding=&#8221;7&#8243; bottom_padding=&#8221;7&#8243; back_color=&#8221;color-nhtu&#8221; back_image=&#8221;166437&#8243; back_position=&#8221;center top&#8221; kburns=&#8221;yes&#8221; overlay_color=&#8221;color-nhtu&#8221; overlay_alpha=&#8221;75&#8243; overlay_color_blend=&#8221;multiply&#8221; overlay_animated=&#8221;yes&#8221; overlay_animated_1_color=&#8221;color-rgdb&#8221; overlay_animated_2_color=&#8221;color-rgdb&#8221; overlay_animated_size=&#8221;0.7&#8243; gutter_size=&#8221;3&#8243; column_width_percent=&#8221;100&#8243; shift_y=&#8221;0&#8243; z_index=&#8221;0&#8243; bottom_divider=&#8221;gradient&#8221; mobile_visibility=&#8221;yes&#8221; css_animation=&#8221;scroll-trigger&#8221; animation_state=&#8221;end&#8221; animation_scale_val=&#8221;100&#8243; animation_opacity=&#8221;0&#8243; animation_x=&#8221;0&#8243; animation_y=&#8221;0&#8243; animation_blur=&#8221;0&#8243; animation_rotate=&#8221;0&#8243; animation_perspective=&#8221;0&#8243; animation_offset_top=&#8221;0&#8243; animation_offset_bottom=&#8221;85&#8243; content_parallax=&#8221;3&#8243; uncode_shortcode_id=&#8221;208103&#8243; back_color_type=&#8221;uncode-palette&#8221; overlay_color_type=&#8221;uncode-palette&#8221; overlay_animated_1_color_type=&#8221;uncode-palette&#8221; overlay_animated_2_color_type=&#8221;uncode-palette&#8221;][vc_column column_width_percent=&#8221;100&#8243; position_vertical=&#8221;bottom&#8221; gutter_size=&#8221;4&#8243; style=&#8221;dark&#8221; overlay_alpha=&#8221;50&#8243; shift_x=&#8221;0&#8243; shift_y=&#8221;0&#8243; shift_y_down=&#8221;0&#8243; z_index=&#8221;0&#8243; medium_width=&#8221;0&#8243; mobile_width=&#8221;0&#8243; width=&#8221;1\/1&#8243; uncode_shortcode_id=&#8221;138994&#8243;][vc_row_inner limit_content=&#8221;&#8221;][vc_column_inner column_width_percent=&#8221;100&#8243; position_horizontal=&#8221;left&#8221; gutter_size=&#8221;3&#8243; style=&#8221;dark&#8221; overlay_alpha=&#8221;50&#8243; shift_x=&#8221;0&#8243; shift_y=&#8221;0&#8243; shift_y_down=&#8221;0&#8243; z_index=&#8221;0&#8243; medium_width=&#8221;0&#8243; mobile_width=&#8221;0&#8243; width=&#8221;1\/1&#8243; uncode_shortcode_id=&#8221;311432&#8243;][vc_custom_heading text_size=&#8221;custom&#8221; text_weight=&#8221;300&#8243; text_space=&#8221;fontspace-111509&#8243; uncode_shortcode_id=&#8221;103949&#8243; heading_custom_size=&#8221;clamp(35px,5vw,60px)&#8221;]Seja para um projeto futuro ou para obter informa\u00e7\u00f5es sobre a empresa[\/vc_custom_heading][\/vc_column_inner][\/vc_row_inner][vc_separator sep_color=&#8221;&#8221; full_width=&#8221;yes&#8221; uncode_shortcode_id=&#8221;184810&#8243;][vc_row_inner row_inner_height_percent=&#8221;0&#8243; overlay_alpha=&#8221;50&#8243; gutter_size=&#8221;5&#8243; shift_y=&#8221;0&#8243; z_index=&#8221;0&#8243; limit_content=&#8221;&#8221; uncode_shortcode_id=&#8221;157228&#8243;][vc_column_inner column_width_percent=&#8221;100&#8243; gutter_size=&#8221;3&#8243; overlay_alpha=&#8221;50&#8243; shift_x=&#8221;0&#8243; shift_y=&#8221;0&#8243; shift_y_down=&#8221;0&#8243; z_index=&#8221;0&#8243; medium_visibility=&#8221;yes&#8221; medium_width=&#8221;0&#8243; mobile_visibility=&#8221;yes&#8221; mobile_width=&#8221;0&#8243; width=&#8221;6\/12&#8243; uncode_shortcode_id=&#8221;358233&#8243;][\/vc_column_inner][vc_column_inner column_width_percent=&#8221;100&#8243; gutter_size=&#8221;3&#8243; style=&#8221;dark&#8221; overlay_alpha=&#8221;50&#8243; shift_x=&#8221;0&#8243; shift_y=&#8221;0&#8243; shift_y_down=&#8221;0&#8243; z_index=&#8221;0&#8243; medium_width=&#8221;0&#8243; mobile_width=&#8221;0&#8243; width=&#8221;4\/12&#8243; uncode_shortcode_id=&#8221;202754&#8243;][vc_custom_heading heading_semantic=&#8221;h3&#8243; text_font=&#8221;font-161747&#8243; text_size=&#8221;h3&#8243; text_weight=&#8221;300&#8243; text_height=&#8221;fontheight-357766&#8243; text_space=&#8221;fontspace-111509&#8243; uncode_shortcode_id=&#8221;175782&#8243;]Entre em contacto e vamos explorar como a nossa experi\u00eancia pode impulsionar o progresso dos seus objetivos.[\/vc_custom_heading][\/vc_column_inner][vc_column_inner column_width_percent=&#8221;100&#8243; gutter_size=&#8221;3&#8243; overlay_alpha=&#8221;50&#8243; shift_x=&#8221;0&#8243; shift_y=&#8221;0&#8243; shift_y_down=&#8221;0&#8243; z_index=&#8221;0&#8243; medium_visibility=&#8221;yes&#8221; medium_width=&#8221;0&#8243; mobile_visibility=&#8221;yes&#8221; mobile_width=&#8221;0&#8243; width=&#8221;2\/12&#8243; uncode_shortcode_id=&#8221;115539&#8243;][\/vc_column_inner][\/vc_row_inner][\/vc_column][\/vc_row][vc_row unlock_row_content=&#8221;yes&#8221; row_height_percent=&#8221;0&#8243; override_padding=&#8221;yes&#8221; h_padding=&#8221;3&#8243; top_padding=&#8221;3&#8243; bottom_padding=&#8221;1&#8243; overlay_alpha=&#8221;50&#8243; equal_height=&#8221;yes&#8221; gutter_size=&#8221;2&#8243; column_width_percent=&#8221;100&#8243; border_style=&#8221;solid&#8221; shift_y=&#8221;0&#8243; z_index=&#8221;0&#8243; content_parallax=&#8221;0&#8243; uncode_shortcode_id=&#8221;575938&#8243; css=&#8221;.vc_custom_1769105836091{border-top-width: 1px !important;}&#8221;][vc_column column_width_percent=&#8221;100&#8243; gutter_size=&#8221;2&#8243; override_padding=&#8221;yes&#8221; column_padding=&#8221;3&#8243; back_color=&#8221;color-wayh&#8221; overlay_alpha=&#8221;50&#8243; radius=&#8221;lg&#8221; shift_x=&#8221;0&#8243; shift_y=&#8221;0&#8243; shift_y_down=&#8221;0&#8243; z_index=&#8221;0&#8243; medium_width=&#8221;0&#8243; mobile_width=&#8221;0&#8243; css_animation=&#8221;alpha-anim&#8221; animation_speed=&#8221;1000&#8243; width=&#8221;1\/4&#8243; uncode_shortcode_id=&#8221;185421&#8243; back_color_type=&#8221;uncode-palette&#8221;][vc_custom_heading text_color=&#8221;color-jevc&#8221; heading_semantic=&#8221;h3&#8243; text_size=&#8221;h1&#8243; text_weight=&#8221;300&#8243; text_height=&#8221;fontheight-357766&#8243; text_space=&#8221;fontspace-111509&#8243; uncode_shortcode_id=&#8221;124423&#8243; text_color_type=&#8221;uncode-palette&#8221;]Contacto Geral[\/vc_custom_heading][vc_custom_heading text_color=&#8221;color-jevc&#8221; heading_semantic=&#8221;p&#8221; text_size=&#8221;h4&#8243; text_weight=&#8221;300&#8243; text_height=&#8221;fontheight-357766&#8243; text_space=&#8221;fontspace-111509&#8243; uncode_shortcode_id=&#8221;195878&#8243; text_color_type=&#8221;uncode-palette&#8221;]+351 252 850 900[\/vc_custom_heading][vc_custom_heading text_color=&#8221;color-xsdn&#8221; heading_semantic=&#8221;p&#8221; text_size=&#8221;h4&#8243; text_weight=&#8221;300&#8243; text_height=&#8221;fontheight-357766&#8243; text_space=&#8221;fontspace-111509&#8243; uncode_shortcode_id=&#8221;166929&#8243; text_color_type=&#8221;uncode-palette&#8221;]<span style=\"color: #ffffff;\"><a style=\"color: #ffffff;\" href=\"mailto:info@tsmarts.com\">info@tsmarts.com<\/a><\/span>[\/vc_custom_heading][vc_empty_space empty_h=&#8221;2&#8243;][vc_custom_heading text_color=&#8221;color-jevc&#8221; heading_semantic=&#8221;p&#8221; text_size=&#8221;h4&#8243; text_weight=&#8221;300&#8243; text_height=&#8221;fontheight-357766&#8243; text_space=&#8221;fontspace-111509&#8243; uncode_shortcode_id=&#8221;109513&#8243; text_color_type=&#8221;uncode-palette&#8221;]Formul\u00e1rio de contacto[\/vc_custom_heading][vc_button button_color=&#8221;color-nhtu&#8221; border_width=&#8221;0&#8243; link=&#8221;url:https%3A%2F%2F269608f63871.quillforms.app%2Fforms%2Ftsmarts_formulario-contacto-web-portugues&#8221; button_color_type=&#8221;uncode-palette&#8221; uncode_shortcode_id=&#8221;109937&#8243;]Contacte-nos[\/vc_button][\/vc_column][vc_column column_width_percent=&#8221;100&#8243; gutter_size=&#8221;2&#8243; override_padding=&#8221;yes&#8221; column_padding=&#8221;3&#8243; back_color=&#8221;color-wayh&#8221; overlay_alpha=&#8221;50&#8243; radius=&#8221;lg&#8221; shift_x=&#8221;0&#8243; shift_y=&#8221;0&#8243; shift_y_down=&#8221;0&#8243; z_index=&#8221;0&#8243; medium_width=&#8221;0&#8243; mobile_width=&#8221;0&#8243; css_animation=&#8221;alpha-anim&#8221; animation_speed=&#8221;1000&#8243; animation_delay=&#8221;100&#8243; width=&#8221;1\/4&#8243; uncode_shortcode_id=&#8221;884361&#8243; back_color_type=&#8221;uncode-palette&#8221; el_class=&#8221;mid-color&#8221;][vc_custom_heading text_color=&#8221;color-jevc&#8221; heading_semantic=&#8221;h3&#8243; text_size=&#8221;h1&#8243; text_weight=&#8221;300&#8243; text_height=&#8221;fontheight-357766&#8243; text_space=&#8221;fontspace-111509&#8243; uncode_shortcode_id=&#8221;201993&#8243; text_color_type=&#8221;uncode-palette&#8221;]Portugal[\/vc_custom_heading][vc_custom_heading heading_semantic=&#8221;p&#8221; text_size=&#8221;h4&#8243; text_weight=&#8221;300&#8243; text_height=&#8221;fontheight-357766&#8243; text_space=&#8221;fontspace-111509&#8243; uncode_shortcode_id=&#8221;117207&#8243;]<strong>Sede da T-SMARTS<\/strong><\/p>\n<p>Travessa da Nova Ind\u00fastria, N.\u00ba 50<br \/>\nErmida, 4780-235 Santo Tirso<br \/>\nPorto<br \/>\n+351 252 850 900[\/vc_custom_heading][\/vc_column][vc_column column_width_percent=&#8221;100&#8243; gutter_size=&#8221;2&#8243; override_padding=&#8221;yes&#8221; column_padding=&#8221;3&#8243; back_color=&#8221;color-wayh&#8221; overlay_alpha=&#8221;50&#8243; radius=&#8221;lg&#8221; shift_x=&#8221;0&#8243; shift_y=&#8221;0&#8243; shift_y_down=&#8221;0&#8243; z_index=&#8221;0&#8243; medium_width=&#8221;0&#8243; mobile_width=&#8221;0&#8243; css_animation=&#8221;alpha-anim&#8221; animation_speed=&#8221;1000&#8243; animation_delay=&#8221;200&#8243; width=&#8221;1\/4&#8243; uncode_shortcode_id=&#8221;996364&#8243; back_color_type=&#8221;uncode-palette&#8221; el_class=&#8221;mid-color&#8221;][vc_custom_heading text_color=&#8221;color-jevc&#8221; heading_semantic=&#8221;h3&#8243; text_size=&#8221;h1&#8243; text_weight=&#8221;300&#8243; text_height=&#8221;fontheight-357766&#8243; text_space=&#8221;fontspace-111509&#8243; uncode_shortcode_id=&#8221;991436&#8243; text_color_type=&#8221;uncode-palette&#8221;]Angola[\/vc_custom_heading][vc_custom_heading heading_semantic=&#8221;p&#8221; text_size=&#8221;h4&#8243; text_weight=&#8221;300&#8243; text_height=&#8221;fontheight-357766&#8243; text_space=&#8221;fontspace-111509&#8243; uncode_shortcode_id=&#8221;108929&#8243;]<strong>T-SMARTS \u00c1frica Central \/ CNL<\/strong><br \/>\nCentro de Neg\u00f3cios de Luanda<\/p>\n<p>Edif\u00edcio Ingombota Palace, 2.\u00ba Andar, N.\u00ba 201<br \/>\nKikuxi \u2013 Viana<br \/>\nLuanda, Angola<br \/>\n+244 924 028 706[\/vc_custom_heading][\/vc_column][vc_column column_width_percent=&#8221;100&#8243; gutter_size=&#8221;2&#8243; override_padding=&#8221;yes&#8221; column_padding=&#8221;3&#8243; back_color=&#8221;color-wayh&#8221; overlay_alpha=&#8221;50&#8243; radius=&#8221;lg&#8221; shift_x=&#8221;0&#8243; shift_y=&#8221;0&#8243; shift_y_down=&#8221;0&#8243; z_index=&#8221;0&#8243; medium_width=&#8221;0&#8243; mobile_width=&#8221;0&#8243; css_animation=&#8221;alpha-anim&#8221; animation_speed=&#8221;1000&#8243; animation_delay=&#8221;300&#8243; width=&#8221;1\/4&#8243; uncode_shortcode_id=&#8221;137673&#8243; back_color_type=&#8221;uncode-palette&#8221; el_class=&#8221;mid-color&#8221;][vc_custom_heading text_color=&#8221;color-jevc&#8221; heading_semantic=&#8221;h3&#8243; text_size=&#8221;h1&#8243; text_weight=&#8221;300&#8243; text_height=&#8221;fontheight-357766&#8243; text_space=&#8221;fontspace-111509&#8243; uncode_shortcode_id=&#8221;118806&#8243; text_color_type=&#8221;uncode-palette&#8221;]Mo\u00e7ambique[\/vc_custom_heading][vc_custom_heading heading_semantic=&#8221;p&#8221; text_size=&#8221;h4&#8243; text_weight=&#8221;300&#8243; text_height=&#8221;fontheight-357766&#8243; text_space=&#8221;fontspace-111509&#8243; uncode_shortcode_id=&#8221;175461&#8243;]<strong>T-SMARTS \u00c1frica Austral<\/strong><br \/>\nCentro de Neg\u00f3cios de Maputo<br \/>\nQuarteir\u00e3o 1 \u2013 Parcela 981 \u2013 Matlhemele<br \/>\n1112 Machava<\/p>\n<p>Mo\u00e7ambique<br \/>\n+258 84 822 0365[\/vc_custom_heading][\/vc_column][\/vc_row][vc_row row_height_percent=&#8221;0&#8243; override_padding=&#8221;yes&#8221; h_padding=&#8221;2&#8243; top_padding=&#8221;3&#8243; bottom_padding=&#8221;3&#8243; back_color=&#8221;color-xsdn&#8221; overlay_alpha=&#8221;50&#8243; gutter_size=&#8221;4&#8243; column_width_percent=&#8221;100&#8243; shift_y=&#8221;0&#8243; z_index=&#8221;0&#8243; content_parallax=&#8221;0&#8243; uncode_shortcode_id=&#8221;176443&#8243; back_color_type=&#8221;uncode-palette&#8221;][vc_column column_width_percent=&#8221;100&#8243; gutter_size=&#8221;2&#8243; overlay_alpha=&#8221;50&#8243; shift_x=&#8221;0&#8243; shift_y=&#8221;0&#8243; shift_y_down=&#8221;0&#8243; z_index=&#8221;0&#8243; medium_width=&#8221;0&#8243; mobile_width=&#8221;0&#8243; width=&#8221;1\/1&#8243; uncode_shortcode_id=&#8221;726032&#8243;][vc_custom_heading text_color=&#8221;color-nhtu&#8221; heading_semantic=&#8221;h6&#8243; text_size=&#8221;fontsize-160000&#8243; text_transform=&#8221;uppercase&#8221; text_space=&#8221;fontspace-135905&#8243; uncode_shortcode_id=&#8221;126656&#8243; text_color_type=&#8221;uncode-palette&#8221;]JUNTE-SE A N\u00d3S[\/vc_custom_heading][vc_custom_heading heading_semantic=&#8221;h3&#8243; text_size=&#8221;custom&#8221; text_weight=&#8221;400&#8243; text_height=&#8221;fontheight-163298&#8243; css_animation=&#8221;text-reveal&#8221; text_reveal_opacity=&#8221;20&#8243; text_reveal_speed=&#8221;50&#8243; text_reveal_top=&#8221;50&#8243; uncode_shortcode_id=&#8221;167476&#8243; heading_custom_size=&#8221;clamp(20px,3vw,20px)&#8221;]Fornecemos servi\u00e7os de engenharia, conectividade e forma\u00e7\u00e3o para ambientes cr\u00edticos e de alto risco, com o apoio de equipas especializadas e normas operacionais rigorosas.[\/vc_custom_heading][vc_custom_heading text_color=&#8221;color-jevc&#8221; heading_semantic=&#8221;h1&#8243; text_font=&#8221;font-377884&#8243; text_size=&#8221;h3&#8243; text_weight=&#8221;500&#8243; text_height=&#8221;fontheight-179065&#8243; css_animation=&#8221;text-reveal&#8221; text_reveal_opacity=&#8221;20&#8243; text_reveal_speed=&#8221;50&#8243; text_reveal_top=&#8221;50&#8243; uncode_shortcode_id=&#8221;126407&#8243; text_color_type=&#8221;uncode-palette&#8221;]<\/p>\n<h1>Tem interesse em trabalhar com a TSMARTS?<\/h1>\n<p>[\/vc_custom_heading][vc_empty_space empty_h=&#8221;1&#8243;][vc_custom_heading heading_semantic=&#8221;h3&#8243; text_size=&#8221;custom&#8221; text_weight=&#8221;400&#8243; text_height=&#8221;fontheight-163298&#8243; css_animation=&#8221;text-reveal&#8221; text_reveal_opacity=&#8221;20&#8243; text_reveal_speed=&#8221;50&#8243; text_reveal_top=&#8221;50&#8243; uncode_shortcode_id=&#8221;195903&#8243; heading_custom_size=&#8221;clamp(20px,3vw,20px)&#8221;]Se \u00e9 motivado pela excel\u00eancia t\u00e9cnica, opera\u00e7\u00f5es focadas na seguran\u00e7a e projetos complexos, convidamo-lo a deixar os seus dados e a contactar a nossa equipa.[\/vc_custom_heading][vc_button button_color=&#8221;color-nhtu&#8221; border_width=&#8221;0&#8243; link=&#8221;url:https%3A%2F%2F269608f63871.quillforms.app%2Fforms%2Ftsmarts_formulario-trabaja-con-nosotros-portugues&#8221; button_color_type=&#8221;uncode-palette&#8221; uncode_shortcode_id=&#8221;166131&#8243;]Formul\u00e1rio de contacto[\/vc_button][\/vc_column][\/vc_row]<\/p>\n<\/div>","protected":false},"excerpt":{"rendered":"<p>[vc_row unlock_row_content=&#8221;yes&#8221; row_height_percent=&#8221;0&#8243; override_padding=&#8221;yes&#8221; h_padding=&#8221;7&#8243; top_padding=&#8221;7&#8243; bottom_padding=&#8221;7&#8243; back_color=&#8221;color-nhtu&#8221; back_image=&#8221;166437&#8243; back_position=&#8221;center top&#8221; kburns=&#8221;yes&#8221; overlay_color=&#8221;color-nhtu&#8221; overlay_alpha=&#8221;75&#8243; overlay_color_blend=&#8221;multiply&#8221; overlay_animated=&#8221;yes&#8221; overlay_animated_1_color=&#8221;color-rgdb&#8221; overlay_animated_2_color=&#8221;color-rgdb&#8221; overlay_animated_size=&#8221;0.7&#8243; gutter_size=&#8221;3&#8243; [&hellip;]<\/p>\n","protected":false},"author":1,"featured_media":0,"parent":0,"menu_order":0,"comment_status":"closed","ping_status":"closed","template":"","meta":{"footnotes":""},"class_list":["post-167335","page","type-page","status-publish","hentry"],"_links":{"self":[{"href":"https:\/\/tsmarts.com\/pt-pt\/wp-json\/wp\/v2\/pages\/167335","targetHints":{"allow":["GET"]}}],"collection":[{"href":"https:\/\/tsmarts.com\/pt-pt\/wp-json\/wp\/v2\/pages"}],"about":[{"href":"https:\/\/tsmarts.com\/pt-pt\/wp-json\/wp\/v2\/types\/page"}],"author":[{"embeddable":true,"href":"https:\/\/tsmarts.com\/pt-pt\/wp-json\/wp\/v2\/users\/1"}],"replies":[{"embeddable":true,"href":"https:\/\/tsmarts.com\/pt-pt\/wp-json\/wp\/v2\/comments?post=167335"}],"version-history":[{"count":5,"href":"https:\/\/tsmarts.com\/pt-pt\/wp-json\/wp\/v2\/pages\/167335\/revisions"}],"predecessor-version":[{"id":168997,"href":"https:\/\/tsmarts.com\/pt-pt\/wp-json\/wp\/v2\/pages\/167335\/revisions\/168997"}],"wp:attachment":[{"href":"https:\/\/tsmarts.com\/pt-pt\/wp-json\/wp\/v2\/media?parent=167335"}],"curies":[{"name":"wp","href":"https:\/\/api.w.org\/{rel}","templated":true}]}}