{"id":167459,"date":"2026-01-23T18:22:33","date_gmt":"2026-01-23T18:22:33","guid":{"rendered":"https:\/\/tsmarts.com\/projetos\/"},"modified":"2026-02-25T14:20:15","modified_gmt":"2026-02-25T14:20:15","slug":"projetos","status":"publish","type":"page","link":"https:\/\/tsmarts.com\/pt-pt\/projetos\/","title":{"rendered":"PROJETOS"},"content":{"rendered":"<div class=\"wpb-content-wrapper\"><p>[vc_row unlock_row_content=&#8221;yes&#8221; row_height_percent=&#8221;50&#8243; override_padding=&#8221;yes&#8221; h_padding=&#8221;4&#8243; top_padding=&#8221;7&#8243; bottom_padding=&#8221;3&#8243; back_color=&#8221;color-nhtu&#8221; back_image=&#8221;167095&#8243; overlay_color=&#8221;color-nhtu&#8221; overlay_alpha=&#8221;77&#8243; overlay_color_blend=&#8221;multiply&#8221; gutter_size=&#8221;3&#8243; column_width_percent=&#8221;100&#8243; shift_y=&#8221;0&#8243; z_index=&#8221;0&#8243; bottom_divider=&#8221;gradient&#8221; desktop_visibility=&#8221;yes&#8221; medium_visibility=&#8221;yes&#8221; content_parallax=&#8221;2&#8243; uncode_shortcode_id=&#8221;184508&#8243; back_color_type=&#8221;uncode-palette&#8221; el_class=&#8221;overflow-hidden&#8221; overlay_color_type=&#8221;uncode-palette&#8221;][vc_column column_width_percent=&#8221;100&#8243; position_vertical=&#8221;bottom&#8221; gutter_size=&#8221;2&#8243; style=&#8221;dark&#8221; overlay_alpha=&#8221;50&#8243; shift_x=&#8221;0&#8243; shift_y=&#8221;0&#8243; shift_y_down=&#8221;0&#8243; z_index=&#8221;0&#8243; medium_width=&#8221;0&#8243; mobile_width=&#8221;0&#8243; width=&#8221;1\/1&#8243; uncode_shortcode_id=&#8221;173627&#8243;][vc_row_inner row_inner_height_percent=&#8221;0&#8243; overlay_alpha=&#8221;50&#8243; gutter_size=&#8221;4&#8243; shift_y=&#8221;0&#8243; z_index=&#8221;0&#8243; limit_content=&#8221;&#8221; uncode_shortcode_id=&#8221;171274&#8243;][vc_column_inner column_width_percent=&#8221;100&#8243; gutter_size=&#8221;1&#8243; style=&#8221;dark&#8221; overlay_alpha=&#8221;50&#8243; shift_x=&#8221;0&#8243; shift_y=&#8221;0&#8243; shift_y_down=&#8221;0&#8243; z_index=&#8221;0&#8243; medium_width=&#8221;0&#8243; mobile_width=&#8221;0&#8243; width=&#8221;8\/12&#8243; uncode_shortcode_id=&#8221;210893&#8243;][vc_empty_space empty_h=&#8221;4&#8243;][vc_custom_heading text_weight=&#8221;700&#8243; css_animation=&#8221;curtain&#8221; animation_speed=&#8221;400&#8243; uncode_shortcode_id=&#8221;112085&#8243;]Projetos[\/vc_custom_heading][vc_custom_heading heading_semantic=&#8221;h1&#8243; text_size=&#8221;custom&#8221; text_weight=&#8221;300&#8243; css_animation=&#8221;left-t-right&#8221; animation_speed=&#8221;400&#8243; uncode_shortcode_id=&#8221;402166&#8243; heading_custom_size=&#8221;clamp(12px,5vw,15px)&#8221;]Experi\u00eancia comprovada em engenharia, conectividade e solu\u00e7\u00f5es digitais[\/vc_custom_heading][\/vc_column_inner][\/vc_row_inner][\/vc_column][\/vc_row][vc_row unlock_row_content=&#8221;yes&#8221; row_height_percent=&#8221;50&#8243; override_padding=&#8221;yes&#8221; h_padding=&#8221;4&#8243; top_padding=&#8221;7&#8243; bottom_padding=&#8221;3&#8243; back_color=&#8221;color-nhtu&#8221; back_image=&#8221;167095&#8243; overlay_color=&#8221;color-nhtu&#8221; overlay_alpha=&#8221;77&#8243; overlay_color_blend=&#8221;multiply&#8221; gutter_size=&#8221;3&#8243; column_width_percent=&#8221;100&#8243; shift_y=&#8221;0&#8243; z_index=&#8221;0&#8243; bottom_divider=&#8221;gradient&#8221; mobile_visibility=&#8221;yes&#8221; content_parallax=&#8221;2&#8243; uncode_shortcode_id=&#8221;142627&#8243; back_color_type=&#8221;uncode-palette&#8221; el_class=&#8221;overflow-hidden&#8221; overlay_color_type=&#8221;uncode-palette&#8221;][vc_column column_width_percent=&#8221;100&#8243; position_vertical=&#8221;bottom&#8221; gutter_size=&#8221;2&#8243; style=&#8221;dark&#8221; overlay_alpha=&#8221;50&#8243; shift_x=&#8221;0&#8243; shift_y=&#8221;0&#8243; shift_y_down=&#8221;0&#8243; z_index=&#8221;0&#8243; medium_width=&#8221;0&#8243; mobile_width=&#8221;0&#8243; width=&#8221;1\/1&#8243; uncode_shortcode_id=&#8221;173627&#8243;][vc_row_inner row_inner_height_percent=&#8221;0&#8243; overlay_alpha=&#8221;50&#8243; gutter_size=&#8221;4&#8243; shift_y=&#8221;0&#8243; z_index=&#8221;0&#8243; limit_content=&#8221;&#8221; uncode_shortcode_id=&#8221;171274&#8243;][vc_column_inner column_width_percent=&#8221;100&#8243; gutter_size=&#8221;1&#8243; style=&#8221;dark&#8221; overlay_alpha=&#8221;50&#8243; shift_x=&#8221;0&#8243; shift_y=&#8221;0&#8243; shift_y_down=&#8221;0&#8243; z_index=&#8221;0&#8243; medium_width=&#8221;0&#8243; mobile_width=&#8221;0&#8243; width=&#8221;8\/12&#8243; uncode_shortcode_id=&#8221;210893&#8243;][vc_empty_space empty_h=&#8221;4&#8243;][vc_custom_heading text_size=&#8221;custom&#8221; text_weight=&#8221;500&#8243; css_animation=&#8221;curtain&#8221; animation_speed=&#8221;400&#8243; uncode_shortcode_id=&#8221;116804&#8243; heading_custom_size=&#8221;clamp(43px,5vw,100px)&#8221;]Projetos[\/vc_custom_heading][vc_custom_heading heading_semantic=&#8221;h1&#8243; text_size=&#8221;custom&#8221; text_weight=&#8221;500&#8243; css_animation=&#8221;left-t-right&#8221; animation_speed=&#8221;400&#8243; uncode_shortcode_id=&#8221;142618&#8243; heading_custom_size=&#8221;clamp(12px,5vw,25px)&#8221;]Experi\u00eancia comprovada em engenharia, conectividade e solu\u00e7\u00f5es digitais[\/vc_custom_heading][\/vc_column_inner][\/vc_row_inner][\/vc_column][\/vc_row][vc_row row_height_percent=&#8221;0&#8243; override_padding=&#8221;yes&#8221; h_padding=&#8221;2&#8243; top_padding=&#8221;3&#8243; bottom_padding=&#8221;2&#8243; back_color=&#8221;color-xsdn&#8221; overlay_alpha=&#8221;50&#8243; gutter_size=&#8221;4&#8243; column_width_percent=&#8221;100&#8243; shift_y=&#8221;0&#8243; z_index=&#8221;0&#8243; content_parallax=&#8221;0&#8243; uncode_shortcode_id=&#8221;194783&#8243; back_color_type=&#8221;uncode-palette&#8221;][vc_column column_width_percent=&#8221;100&#8243; gutter_size=&#8221;2&#8243; overlay_alpha=&#8221;50&#8243; shift_x=&#8221;0&#8243; shift_y=&#8221;0&#8243; shift_y_down=&#8221;0&#8243; z_index=&#8221;0&#8243; medium_width=&#8221;0&#8243; mobile_width=&#8221;0&#8243; width=&#8221;1\/1&#8243; uncode_shortcode_id=&#8221;726032&#8243;][vc_custom_heading text_color=&#8221;color-nhtu&#8221; heading_semantic=&#8221;h6&#8243; text_size=&#8221;fontsize-160000&#8243; text_transform=&#8221;uppercase&#8221; text_space=&#8221;fontspace-135905&#8243; uncode_shortcode_id=&#8221;135292&#8243; text_color_type=&#8221;uncode-palette&#8221;]T-SMARTS[\/vc_custom_heading][vc_custom_heading text_color=&#8221;color-jevc&#8221; heading_semantic=&#8221;h1&#8243; text_font=&#8221;font-377884&#8243; text_size=&#8221;h1&#8243; text_weight=&#8221;500&#8243; text_height=&#8221;fontheight-179065&#8243; css_animation=&#8221;text-reveal&#8221; text_reveal_opacity=&#8221;20&#8243; text_reveal_speed=&#8221;50&#8243; text_reveal_top=&#8221;50&#8243; uncode_shortcode_id=&#8221;155758&#8243; text_color_type=&#8221;uncode-palette&#8221;]<\/p>\n<h1>Uma sele\u00e7\u00e3o de projetos realizados em v\u00e1rias regi\u00f5es, tecnologias e ambientes operacionais.<\/h1>\n<p>[\/vc_custom_heading][\/vc_column][\/vc_row][vc_row row_height_percent=&#8221;0&#8243; override_padding=&#8221;yes&#8221; h_padding=&#8221;2&#8243; top_padding=&#8221;2&#8243; bottom_padding=&#8221;2&#8243; back_color=&#8221;color-xsdn&#8221; overlay_alpha=&#8221;50&#8243; overlay_animated=&#8221;yes&#8221; overlay_animated_1_color=&#8221;color-nhtu&#8221; overlay_animated_size=&#8221;0.35&#8243; gutter_size=&#8221;4&#8243; column_width_percent=&#8221;100&#8243; shift_y=&#8221;0&#8243; z_index=&#8221;0&#8243; content_parallax=&#8221;0&#8243; uncode_shortcode_id=&#8221;944439&#8243; back_color_type=&#8221;uncode-palette&#8221; overlay_animated_1_color_type=&#8221;uncode-palette&#8221;][vc_column column_width_percent=&#8221;100&#8243; gutter_size=&#8221;2&#8243; overlay_alpha=&#8221;50&#8243; shadow=&#8221;sm&#8221; shift_x=&#8221;0&#8243; shift_y=&#8221;0&#8243; shift_y_down=&#8221;0&#8243; z_index=&#8221;0&#8243; medium_width=&#8221;0&#8243; mobile_width=&#8221;0&#8243; css_animation=&#8221;alpha-anim&#8221; animation_speed=&#8221;1000&#8243; width=&#8221;1\/3&#8243; uncode_shortcode_id=&#8221;960212&#8243;][vc_single_image media=&#8221;168132&#8243; media_width_percent=&#8221;100&#8243; uncode_shortcode_id=&#8221;126539&#8243;][\/vc_column][vc_column column_width_percent=&#8221;100&#8243; gutter_size=&#8221;3&#8243; overlay_alpha=&#8221;50&#8243; shadow=&#8221;sm&#8221; shift_x=&#8221;0&#8243; shift_y=&#8221;0&#8243; shift_y_down=&#8221;0&#8243; z_index=&#8221;0&#8243; medium_width=&#8221;0&#8243; mobile_width=&#8221;0&#8243; css_animation=&#8221;alpha-anim&#8221; animation_speed=&#8221;1000&#8243; animation_delay=&#8221;100&#8243; width=&#8221;1\/3&#8243; uncode_shortcode_id=&#8221;167915&#8243;][vc_single_image media=&#8221;168133&#8243; media_width_percent=&#8221;100&#8243; uncode_shortcode_id=&#8221;651730&#8243;][\/vc_column][vc_column column_width_percent=&#8221;100&#8243; gutter_size=&#8221;3&#8243; overlay_alpha=&#8221;50&#8243; shadow=&#8221;sm&#8221; shift_x=&#8221;0&#8243; shift_y=&#8221;0&#8243; shift_y_down=&#8221;0&#8243; z_index=&#8221;0&#8243; medium_width=&#8221;0&#8243; mobile_width=&#8221;0&#8243; width=&#8221;1\/3&#8243; uncode_shortcode_id=&#8221;142124&#8243;][vc_single_image media=&#8221;168134&#8243; dynamic=&#8221;yes&#8221; dynamic_source=&#8221;secondary&#8221; media_width_percent=&#8221;100&#8243; css_animation=&#8221;alpha-anim&#8221; animation_speed=&#8221;1000&#8243; animation_delay=&#8221;200&#8243; uncode_shortcode_id=&#8221;204657&#8243; el_class=&#8221;m-b-xl&#8221;][\/vc_column][\/vc_row][vc_row row_height_percent=&#8221;0&#8243; override_padding=&#8221;yes&#8221; h_padding=&#8221;2&#8243; top_padding=&#8221;2&#8243; bottom_padding=&#8221;2&#8243; back_color=&#8221;color-xsdn&#8221; overlay_alpha=&#8221;50&#8243; overlay_animated=&#8221;yes&#8221; overlay_animated_1_color=&#8221;color-nhtu&#8221; overlay_animated_size=&#8221;0.35&#8243; gutter_size=&#8221;4&#8243; column_width_percent=&#8221;100&#8243; shift_y=&#8221;0&#8243; z_index=&#8221;0&#8243; content_parallax=&#8221;0&#8243; uncode_shortcode_id=&#8221;247019&#8243; back_color_type=&#8221;uncode-palette&#8221; overlay_animated_1_color_type=&#8221;uncode-palette&#8221;][vc_column column_width_percent=&#8221;100&#8243; gutter_size=&#8221;2&#8243; overlay_alpha=&#8221;50&#8243; shadow=&#8221;sm&#8221; shift_x=&#8221;0&#8243; shift_y=&#8221;0&#8243; shift_y_down=&#8221;0&#8243; z_index=&#8221;0&#8243; medium_width=&#8221;0&#8243; mobile_width=&#8221;0&#8243; css_animation=&#8221;alpha-anim&#8221; animation_speed=&#8221;1000&#8243; width=&#8221;1\/3&#8243; uncode_shortcode_id=&#8221;960212&#8243;][vc_single_image media=&#8221;167469&#8243; media_width_percent=&#8221;100&#8243; uncode_shortcode_id=&#8221;847746&#8243;][\/vc_column][vc_column column_width_percent=&#8221;100&#8243; gutter_size=&#8221;3&#8243; overlay_alpha=&#8221;50&#8243; shadow=&#8221;sm&#8221; shift_x=&#8221;0&#8243; shift_y=&#8221;0&#8243; shift_y_down=&#8221;0&#8243; z_index=&#8221;0&#8243; medium_width=&#8221;0&#8243; mobile_width=&#8221;0&#8243; css_animation=&#8221;alpha-anim&#8221; animation_speed=&#8221;1000&#8243; animation_delay=&#8221;100&#8243; width=&#8221;1\/3&#8243; uncode_shortcode_id=&#8221;167915&#8243;][vc_single_image media=&#8221;168136&#8243; media_width_percent=&#8221;100&#8243; uncode_shortcode_id=&#8221;634372&#8243;][\/vc_column][vc_column column_width_percent=&#8221;100&#8243; gutter_size=&#8221;3&#8243; overlay_alpha=&#8221;50&#8243; shadow=&#8221;sm&#8221; shift_x=&#8221;0&#8243; shift_y=&#8221;0&#8243; shift_y_down=&#8221;0&#8243; z_index=&#8221;0&#8243; medium_width=&#8221;0&#8243; mobile_width=&#8221;0&#8243; width=&#8221;1\/3&#8243; uncode_shortcode_id=&#8221;142124&#8243;][vc_single_image media=&#8221;168137&#8243; dynamic=&#8221;yes&#8221; dynamic_source=&#8221;secondary&#8221; media_width_percent=&#8221;100&#8243; css_animation=&#8221;alpha-anim&#8221; animation_speed=&#8221;1000&#8243; animation_delay=&#8221;200&#8243; uncode_shortcode_id=&#8221;609111&#8243; el_class=&#8221;m-b-xl&#8221;][\/vc_column][\/vc_row][vc_row row_height_percent=&#8221;0&#8243; override_padding=&#8221;yes&#8221; h_padding=&#8221;2&#8243; top_padding=&#8221;2&#8243; bottom_padding=&#8221;2&#8243; back_color=&#8221;color-xsdn&#8221; overlay_alpha=&#8221;50&#8243; overlay_animated=&#8221;yes&#8221; overlay_animated_1_color=&#8221;color-nhtu&#8221; overlay_animated_size=&#8221;0.35&#8243; gutter_size=&#8221;4&#8243; column_width_percent=&#8221;100&#8243; shift_y=&#8221;0&#8243; z_index=&#8221;0&#8243; content_parallax=&#8221;0&#8243; uncode_shortcode_id=&#8221;944439&#8243; back_color_type=&#8221;uncode-palette&#8221; overlay_animated_1_color_type=&#8221;uncode-palette&#8221;][vc_column column_width_percent=&#8221;100&#8243; gutter_size=&#8221;2&#8243; overlay_alpha=&#8221;50&#8243; shadow=&#8221;sm&#8221; shift_x=&#8221;0&#8243; shift_y=&#8221;0&#8243; shift_y_down=&#8221;0&#8243; z_index=&#8221;0&#8243; medium_width=&#8221;0&#8243; mobile_width=&#8221;0&#8243; css_animation=&#8221;alpha-anim&#8221; animation_speed=&#8221;1000&#8243; width=&#8221;1\/3&#8243; uncode_shortcode_id=&#8221;960212&#8243;][vc_single_image media=&#8221;168138&#8243; media_width_percent=&#8221;100&#8243; uncode_shortcode_id=&#8221;118104&#8243;][\/vc_column][vc_column column_width_percent=&#8221;100&#8243; gutter_size=&#8221;3&#8243; overlay_alpha=&#8221;50&#8243; shadow=&#8221;sm&#8221; shift_x=&#8221;0&#8243; shift_y=&#8221;0&#8243; shift_y_down=&#8221;0&#8243; z_index=&#8221;0&#8243; medium_width=&#8221;0&#8243; mobile_width=&#8221;0&#8243; css_animation=&#8221;alpha-anim&#8221; animation_speed=&#8221;1000&#8243; animation_delay=&#8221;100&#8243; width=&#8221;1\/3&#8243; uncode_shortcode_id=&#8221;167915&#8243;][vc_single_image media=&#8221;168139&#8243; media_width_percent=&#8221;100&#8243; uncode_shortcode_id=&#8221;110700&#8243;][\/vc_column][vc_column column_width_percent=&#8221;100&#8243; gutter_size=&#8221;3&#8243; overlay_alpha=&#8221;50&#8243; shadow=&#8221;sm&#8221; shift_x=&#8221;0&#8243; shift_y=&#8221;0&#8243; shift_y_down=&#8221;0&#8243; z_index=&#8221;0&#8243; medium_width=&#8221;0&#8243; mobile_width=&#8221;0&#8243; width=&#8221;1\/3&#8243; uncode_shortcode_id=&#8221;142124&#8243;][vc_single_image media=&#8221;168140&#8243; dynamic=&#8221;yes&#8221; dynamic_source=&#8221;secondary&#8221; media_width_percent=&#8221;100&#8243; css_animation=&#8221;alpha-anim&#8221; animation_speed=&#8221;1000&#8243; animation_delay=&#8221;200&#8243; uncode_shortcode_id=&#8221;675312&#8243; el_class=&#8221;m-b-xl&#8221;][\/vc_column][\/vc_row][vc_row row_height_percent=&#8221;0&#8243; override_padding=&#8221;yes&#8221; h_padding=&#8221;2&#8243; top_padding=&#8221;2&#8243; bottom_padding=&#8221;2&#8243; back_color=&#8221;color-xsdn&#8221; overlay_alpha=&#8221;50&#8243; overlay_animated=&#8221;yes&#8221; overlay_animated_1_color=&#8221;color-nhtu&#8221; overlay_animated_size=&#8221;0.35&#8243; gutter_size=&#8221;4&#8243; column_width_percent=&#8221;100&#8243; shift_y=&#8221;0&#8243; z_index=&#8221;0&#8243; content_parallax=&#8221;0&#8243; uncode_shortcode_id=&#8221;209436&#8243; back_color_type=&#8221;uncode-palette&#8221; overlay_animated_1_color_type=&#8221;uncode-palette&#8221;][vc_column column_width_percent=&#8221;100&#8243; gutter_size=&#8221;2&#8243; overlay_alpha=&#8221;50&#8243; shadow=&#8221;sm&#8221; shift_x=&#8221;0&#8243; shift_y=&#8221;0&#8243; shift_y_down=&#8221;0&#8243; z_index=&#8221;0&#8243; medium_width=&#8221;0&#8243; mobile_width=&#8221;0&#8243; css_animation=&#8221;alpha-anim&#8221; animation_speed=&#8221;1000&#8243; width=&#8221;1\/3&#8243; uncode_shortcode_id=&#8221;960212&#8243;][vc_single_image media=&#8221;168141&#8243; media_width_percent=&#8221;100&#8243; uncode_shortcode_id=&#8221;837012&#8243;][\/vc_column][vc_column column_width_percent=&#8221;100&#8243; gutter_size=&#8221;3&#8243; overlay_alpha=&#8221;50&#8243; shadow=&#8221;sm&#8221; shift_x=&#8221;0&#8243; shift_y=&#8221;0&#8243; shift_y_down=&#8221;0&#8243; z_index=&#8221;0&#8243; medium_width=&#8221;0&#8243; mobile_width=&#8221;0&#8243; css_animation=&#8221;alpha-anim&#8221; animation_speed=&#8221;1000&#8243; animation_delay=&#8221;100&#8243; width=&#8221;1\/3&#8243; uncode_shortcode_id=&#8221;167915&#8243;][vc_single_image media=&#8221;168142&#8243; media_width_percent=&#8221;100&#8243; uncode_shortcode_id=&#8221;203733&#8243;][\/vc_column][vc_column column_width_percent=&#8221;100&#8243; gutter_size=&#8221;3&#8243; overlay_alpha=&#8221;50&#8243; shadow=&#8221;sm&#8221; shift_x=&#8221;0&#8243; shift_y=&#8221;0&#8243; shift_y_down=&#8221;0&#8243; z_index=&#8221;0&#8243; medium_width=&#8221;0&#8243; mobile_width=&#8221;0&#8243; width=&#8221;1\/3&#8243; uncode_shortcode_id=&#8221;142124&#8243;][vc_single_image media=&#8221;168143&#8243; dynamic=&#8221;yes&#8221; dynamic_source=&#8221;secondary&#8221; media_width_percent=&#8221;100&#8243; css_animation=&#8221;alpha-anim&#8221; animation_speed=&#8221;1000&#8243; animation_delay=&#8221;200&#8243; uncode_shortcode_id=&#8221;125039&#8243; el_class=&#8221;m-b-xl&#8221;][\/vc_column][\/vc_row][vc_row row_height_percent=&#8221;0&#8243; override_padding=&#8221;yes&#8221; h_padding=&#8221;2&#8243; top_padding=&#8221;2&#8243; bottom_padding=&#8221;2&#8243; back_color=&#8221;color-xsdn&#8221; overlay_alpha=&#8221;50&#8243; overlay_animated=&#8221;yes&#8221; overlay_animated_1_color=&#8221;color-nhtu&#8221; overlay_animated_size=&#8221;0.35&#8243; equal_height=&#8221;yes&#8221; gutter_size=&#8221;4&#8243; column_width_percent=&#8221;100&#8243; shift_y=&#8221;0&#8243; z_index=&#8221;0&#8243; content_parallax=&#8221;0&#8243; uncode_shortcode_id=&#8221;865563&#8243; back_color_type=&#8221;uncode-palette&#8221; overlay_animated_1_color_type=&#8221;uncode-palette&#8221;][vc_column column_width_percent=&#8221;100&#8243; gutter_size=&#8221;2&#8243; overlay_alpha=&#8221;50&#8243; shadow=&#8221;sm&#8221; shift_x=&#8221;0&#8243; shift_y=&#8221;0&#8243; shift_y_down=&#8221;0&#8243; z_index=&#8221;0&#8243; medium_width=&#8221;0&#8243; mobile_width=&#8221;0&#8243; css_animation=&#8221;alpha-anim&#8221; animation_speed=&#8221;1000&#8243; width=&#8221;1\/3&#8243; uncode_shortcode_id=&#8221;960212&#8243;][vc_single_image media=&#8221;168144&#8243; media_width_percent=&#8221;100&#8243; uncode_shortcode_id=&#8221;547116&#8243;][\/vc_column][vc_column column_width_percent=&#8221;100&#8243; gutter_size=&#8221;3&#8243; overlay_alpha=&#8221;50&#8243; shadow=&#8221;sm&#8221; shift_x=&#8221;0&#8243; shift_y=&#8221;0&#8243; shift_y_down=&#8221;0&#8243; z_index=&#8221;0&#8243; medium_width=&#8221;0&#8243; mobile_width=&#8221;0&#8243; css_animation=&#8221;alpha-anim&#8221; animation_speed=&#8221;1000&#8243; animation_delay=&#8221;100&#8243; width=&#8221;1\/3&#8243; uncode_shortcode_id=&#8221;167915&#8243;][vc_single_image media=&#8221;168145&#8243; media_width_percent=&#8221;100&#8243; uncode_shortcode_id=&#8221;172467&#8243;][\/vc_column][vc_column column_width_percent=&#8221;100&#8243; gutter_size=&#8221;0&#8243; overlay_alpha=&#8221;50&#8243; shadow=&#8221;sm&#8221; shift_x=&#8221;0&#8243; shift_y=&#8221;0&#8243; shift_y_down=&#8221;0&#8243; z_index=&#8221;0&#8243; medium_width=&#8221;0&#8243; mobile_width=&#8221;0&#8243; width=&#8221;1\/3&#8243; uncode_shortcode_id=&#8221;972479&#8243;][vc_single_image media=&#8221;168146&#8243; media_width_percent=&#8221;100&#8243; uncode_shortcode_id=&#8221;214369&#8243;][\/vc_column][\/vc_row][vc_row unlock_row_content=&#8221;yes&#8221; row_height_percent=&#8221;0&#8243; override_padding=&#8221;yes&#8221; h_padding=&#8221;4&#8243; top_padding=&#8221;4&#8243; bottom_padding=&#8221;4&#8243; back_color=&#8221;color-rgdb&#8221; back_image=&#8221;166457&#8243; overlay_alpha=&#8221;50&#8243; overlay_animated=&#8221;yes&#8221; overlay_animated_size=&#8221;0.35&#8243; gutter_size=&#8221;4&#8243; column_width_percent=&#8221;100&#8243; shift_y=&#8221;0&#8243; z_index=&#8221;0&#8243; content_parallax=&#8221;0&#8243; uncode_shortcode_id=&#8221;132891&#8243; back_color_type=&#8221;uncode-palette&#8221; overlay_animated_1_color_type=&#8221;uncode-solid&#8221; overlay_animated_1_color_solid=&#8221;#2472d8&#8243; overlay_animated_2_color_type=&#8221;uncode-solid&#8221; overlay_animated_2_color_solid=&#8221;#77bef5&#8243;][vc_column column_width_percent=&#8221;100&#8243; gutter_size=&#8221;2&#8243; overlay_alpha=&#8221;50&#8243; shift_x=&#8221;0&#8243; shift_y=&#8221;0&#8243; shift_y_down=&#8221;0&#8243; z_index=&#8221;0&#8243; medium_width=&#8221;0&#8243; mobile_width=&#8221;0&#8243; width=&#8221;9\/12&#8243; uncode_shortcode_id=&#8221;115494&#8243;][vc_custom_heading text_color=&#8221;color-xsdn&#8221; text_size=&#8221;h1&#8243; text_weight=&#8221;500&#8243; uncode_shortcode_id=&#8221;130056&#8243; text_color_type=&#8221;uncode-palette&#8221;]Procura um parceiro experiente para projetos de infraestruturas complexos?[\/vc_custom_heading][vc_custom_heading text_color=&#8221;color-xsdn&#8221; text_size=&#8221;h4&#8243; text_weight=&#8221;500&#8243; uncode_shortcode_id=&#8221;211675&#8243; text_color_type=&#8221;uncode-palette&#8221;]Fale com a nossa equipa sobre os seus desafios de rede, infraestruturas ou implementa\u00e7\u00e3o.[\/vc_custom_heading][vc_row_inner][vc_column_inner width=&#8221;1\/3&#8243;][vc_icon position=&#8221;left&#8221; icon=&#8221;fa fa-check&#8221; icon_color=&#8221;color-xsdn&#8221; size=&#8221;fa-3x&#8221; uncode_shortcode_id=&#8221;467411&#8243; icon_color_type=&#8221;uncode-palette&#8221; title=&#8221;100% gratuito&#8221;][\/vc_icon][\/vc_column_inner][vc_column_inner width=&#8221;1\/3&#8243;][vc_icon position=&#8221;left&#8221; icon=&#8221;fa fa-check&#8221; icon_color=&#8221;color-xsdn&#8221; size=&#8221;fa-3x&#8221; uncode_shortcode_id=&#8221;570075&#8243; icon_color_type=&#8221;uncode-palette&#8221; title=&#8221;Especialistas qualificados&#8221;][\/vc_icon][\/vc_column_inner][vc_column_inner width=&#8221;1\/3&#8243;][vc_icon position=&#8221;left&#8221; icon=&#8221;fa fa-check&#8221; icon_color=&#8221;color-xsdn&#8221; size=&#8221;fa-3x&#8221; uncode_shortcode_id=&#8221;185698&#8243; icon_color_type=&#8221;uncode-palette&#8221; title=&#8221;Informa\u00e7\u00e3o atualizada&#8221;][\/vc_icon][\/vc_column_inner][\/vc_row_inner][\/vc_column][vc_column column_width_percent=&#8221;100&#8243; position_vertical=&#8221;middle&#8221; align_horizontal=&#8221;align_right&#8221; gutter_size=&#8221;3&#8243; overlay_alpha=&#8221;50&#8243; shift_x=&#8221;0&#8243; shift_y=&#8221;0&#8243; shift_y_down=&#8221;0&#8243; z_index=&#8221;0&#8243; align_medium=&#8221;align_left_tablet&#8221; medium_width=&#8221;0&#8243; align_mobile=&#8221;align_left_mobile&#8221; mobile_width=&#8221;0&#8243; width=&#8221;3\/12&#8243; uncode_shortcode_id=&#8221;857365&#8243;][vc_button button_color=&#8221;color-nhtu&#8221; border_width=&#8221;0&#8243; button_color_type=&#8221;uncode-palette&#8221; uncode_shortcode_id=&#8221;270259&#8243; link=&#8221;url:https%3A%2F%2F269608f63871.quillforms.app%2Fforms%2Ftsmarts_formulario-contacto-web-portugues&#8221;]Solicitar consulta[\/vc_button][vc_button button_color=&#8221;color-nhtu&#8221; border_width=&#8221;0&#8243; button_color_type=&#8221;uncode-palette&#8221; uncode_shortcode_id=&#8221;202128&#8243; link=&#8221;url:tel%3A%2B351253146320|&#8221;]Ligue: +351 253 146 320[\/vc_button][vc_empty_space][\/vc_column][\/vc_row]<\/p>\n<\/div>","protected":false},"excerpt":{"rendered":"<p>[vc_row unlock_row_content=&#8221;yes&#8221; row_height_percent=&#8221;50&#8243; override_padding=&#8221;yes&#8221; h_padding=&#8221;4&#8243; top_padding=&#8221;7&#8243; bottom_padding=&#8221;3&#8243; back_color=&#8221;color-nhtu&#8221; back_image=&#8221;167095&#8243; overlay_color=&#8221;color-nhtu&#8221; overlay_alpha=&#8221;77&#8243; overlay_color_blend=&#8221;multiply&#8221; gutter_size=&#8221;3&#8243; column_width_percent=&#8221;100&#8243; shift_y=&#8221;0&#8243; z_index=&#8221;0&#8243; bottom_divider=&#8221;gradient&#8221; desktop_visibility=&#8221;yes&#8221; medium_visibility=&#8221;yes&#8221; content_parallax=&#8221;2&#8243; [&hellip;]<\/p>\n","protected":false},"author":1,"featured_media":0,"parent":0,"menu_order":0,"comment_status":"closed","ping_status":"closed","template":"","meta":{"footnotes":""},"class_list":["post-167459","page","type-page","status-publish","hentry","page_category-business","page_category-negocios"],"_links":{"self":[{"href":"https:\/\/tsmarts.com\/pt-pt\/wp-json\/wp\/v2\/pages\/167459","targetHints":{"allow":["GET"]}}],"collection":[{"href":"https:\/\/tsmarts.com\/pt-pt\/wp-json\/wp\/v2\/pages"}],"about":[{"href":"https:\/\/tsmarts.com\/pt-pt\/wp-json\/wp\/v2\/types\/page"}],"author":[{"embeddable":true,"href":"https:\/\/tsmarts.com\/pt-pt\/wp-json\/wp\/v2\/users\/1"}],"replies":[{"embeddable":true,"href":"https:\/\/tsmarts.com\/pt-pt\/wp-json\/wp\/v2\/comments?post=167459"}],"version-history":[{"count":8,"href":"https:\/\/tsmarts.com\/pt-pt\/wp-json\/wp\/v2\/pages\/167459\/revisions"}],"predecessor-version":[{"id":168502,"href":"https:\/\/tsmarts.com\/pt-pt\/wp-json\/wp\/v2\/pages\/167459\/revisions\/168502"}],"wp:attachment":[{"href":"https:\/\/tsmarts.com\/pt-pt\/wp-json\/wp\/v2\/media?parent=167459"}],"curies":[{"name":"wp","href":"https:\/\/api.w.org\/{rel}","templated":true}]}}